{"id":1458,"date":"2018-09-03T01:28:11","date_gmt":"2018-09-03T01:28:11","guid":{"rendered":"https:\/\/leather-pro.com\/?page_id=1458"},"modified":"2018-09-03T02:48:44","modified_gmt":"2018-09-03T02:48:44","slug":"tin-tuc-moi-nhat","status":"publish","type":"page","link":"https:\/\/leather-pro.com\/vi\/tin-tuc-moi-nhat\/","title":{"rendered":"News_vn"},"content":{"rendered":"<div id=\"cs-content\" class=\"cs-content\"><\/div>\n","protected":false},"excerpt":{"rendered":"<p>&nbsp; Posted in: Ch\u0103m s\u00f3c da t\u1ea1i nh\u00e0\ud83c\udf1f H\u01b0\u1edbng D\u1eabn S\u1eeda V\u00e1y M\u00e0u S\u00e1ng B\u1ecb Nhi\u1ec5m M\u00e0u\uff5cLo\u1ea1i B\u1ecf V\u1ebft Nhu\u1ed9m\u30fb\u1ed4n \u0110\u1ecbnh S\u1ee3i V\u1ea3i\u30fbPh\u1ee5c H\u1ed3i M\u00e0u S\u1eafc January 4, 2026 Posted in: Ch\u0103m s\u00f3c da t\u1ea1i nh\u00e0\ud83c\udf1f H\u01b0\u1edbng D\u1eabn S\u1eeda T\u00fai Chanel Da C\u1eebu B\u1ecb M\u00e8o C\u00e0o\uff5cX\u00f3a V\u1ebft X\u01b0\u1edbc\u30fbPh\u1ee5c H\u1ed3i M\u00e0u\u30fbB\u1ea3o V\u1ec7 To\u00e0n Di\u1ec7n November 27, 2025 Posted in: Ch\u0103m s\u00f3c &#8230; <\/p>\n<div><a href=\"https:\/\/leather-pro.com\/vi\/chanel%e9%87%91%e5%b1%ac%e8%89%b2%e5%8c%85%e5%8c%85%e6%8e%89%e6%bc%86%e4%bf%ae%e5%be%a9-vn\/\" class=\"more-link\">Read More<\/a><\/div>\n","protected":false},"author":3,"featured_media":0,"parent":0,"menu_order":0,"comment_status":"closed","ping_status":"closed","template":"template-blank-4.php","meta":{"footnotes":""},"class_list":["post-1458","page","type-page","status-publish","hentry","no-post-thumbnail"],"yoast_head":"<!-- This site is optimized with the Yoast SEO plugin v26.5 - https:\/\/yoast.com\/wordpress\/plugins\/seo\/ -->\n<title>Leather Pro\u76ae\u9769\u4fdd\u990a\u5c08\u5bb6\uff5c\u6700\u65b0\u6d88\u606f<\/title>\n<meta name=\"description\" content=\"Leather Pro\u76ae\u9769\u4fdd\u990a\u5c08\u5bb6\uff5c\u6709\u95dc\u76ae\u9769\u4fdd\u990a\u7684\u6700\u65b0\u6d88\u606f\u90fd\u5728\u9019\u88e1\" \/>\n<meta name=\"robots\" content=\"index, follow, max-snippet:-1, max-image-preview:large, max-video-preview:-1\" \/>\n<link rel=\"canonical\" href=\"https:\/\/leather-pro.com\/vi\/tin-tuc-moi-nhat\/\" \/>\n<meta property=\"og:locale\" content=\"vi_VN\" \/>\n<meta property=\"og:type\" content=\"article\" \/>\n<meta property=\"og:title\" content=\"Leather Pro\u76ae\u9769\u4fdd\u990a\u5c08\u5bb6\uff5c\u6700\u65b0\u6d88\u606f\" \/>\n<meta property=\"og:description\" content=\"Leather Pro\u76ae\u9769\u4fdd\u990a\u5c08\u5bb6\uff5c\u6709\u95dc\u76ae\u9769\u4fdd\u990a\u7684\u6700\u65b0\u6d88\u606f\u90fd\u5728\u9019\u88e1\" \/>\n<meta property=\"og:url\" content=\"https:\/\/leather-pro.com\/vi\/tin-tuc-moi-nhat\/\" \/>\n<meta property=\"og:site_name\" content=\"leather-pro.com\" \/>\n<meta property=\"article:modified_time\" content=\"2018-09-03T02:48:44+00:00\" \/>\n<meta name=\"twitter:card\" content=\"summary_large_image\" \/>\n<meta name=\"twitter:label1\" content=\"Est. reading time\" \/>\n\t<meta name=\"twitter:data1\" content=\"3 minutes\" \/>\n<script type=\"application\/ld+json\" class=\"yoast-schema-graph\">{\"@context\":\"https:\/\/schema.org\",\"@graph\":[{\"@type\":\"WebPage\",\"@id\":\"https:\/\/leather-pro.com\/vi\/tin-tuc-moi-nhat\/\",\"url\":\"https:\/\/leather-pro.com\/vi\/tin-tuc-moi-nhat\/\",\"name\":\"Leather Pro\u76ae\u9769\u4fdd\u990a\u5c08\u5bb6\uff5c\u6700\u65b0\u6d88\u606f\",\"isPartOf\":{\"@id\":\"https:\/\/leather-pro.com\/#website\"},\"datePublished\":\"2018-09-03T01:28:11+00:00\",\"dateModified\":\"2018-09-03T02:48:44+00:00\",\"description\":\"Leather Pro\u76ae\u9769\u4fdd\u990a\u5c08\u5bb6\uff5c\u6709\u95dc\u76ae\u9769\u4fdd\u990a\u7684\u6700\u65b0\u6d88\u606f\u90fd\u5728\u9019\u88e1\",\"breadcrumb\":{\"@id\":\"https:\/\/leather-pro.com\/vi\/tin-tuc-moi-nhat\/#breadcrumb\"},\"inLanguage\":\"vi-VN\",\"potentialAction\":[{\"@type\":\"ReadAction\",\"target\":[\"https:\/\/leather-pro.com\/vi\/tin-tuc-moi-nhat\/\"]}]},{\"@type\":\"BreadcrumbList\",\"@id\":\"https:\/\/leather-pro.com\/vi\/tin-tuc-moi-nhat\/#breadcrumb\",\"itemListElement\":[{\"@type\":\"ListItem\",\"position\":1,\"name\":\"Home\",\"item\":\"https:\/\/leather-pro.com\/vi\/\"},{\"@type\":\"ListItem\",\"position\":2,\"name\":\"News_vn\"}]},{\"@type\":\"WebSite\",\"@id\":\"https:\/\/leather-pro.com\/#website\",\"url\":\"https:\/\/leather-pro.com\/\",\"name\":\"leather-pro.com\",\"description\":\"Leather Care and Repair Experts\",\"potentialAction\":[{\"@type\":\"SearchAction\",\"target\":{\"@type\":\"EntryPoint\",\"urlTemplate\":\"https:\/\/leather-pro.com\/?s={search_term_string}\"},\"query-input\":{\"@type\":\"PropertyValueSpecification\",\"valueRequired\":true,\"valueName\":\"search_term_string\"}}],\"inLanguage\":\"vi-VN\"}]}<\/script>\n<!-- \/ Yoast SEO plugin. -->","yoast_head_json":{"title":"Leather Pro\u76ae\u9769\u4fdd\u990a\u5c08\u5bb6\uff5c\u6700\u65b0\u6d88\u606f","description":"Leather Pro\u76ae\u9769\u4fdd\u990a\u5c08\u5bb6\uff5c\u6709\u95dc\u76ae\u9769\u4fdd\u990a\u7684\u6700\u65b0\u6d88\u606f\u90fd\u5728\u9019\u88e1","robots":{"index":"index","follow":"follow","max-snippet":"max-snippet:-1","max-image-preview":"max-image-preview:large","max-video-preview":"max-video-preview:-1"},"canonical":"https:\/\/leather-pro.com\/vi\/tin-tuc-moi-nhat\/","og_locale":"vi_VN","og_type":"article","og_title":"Leather Pro\u76ae\u9769\u4fdd\u990a\u5c08\u5bb6\uff5c\u6700\u65b0\u6d88\u606f","og_description":"Leather Pro\u76ae\u9769\u4fdd\u990a\u5c08\u5bb6\uff5c\u6709\u95dc\u76ae\u9769\u4fdd\u990a\u7684\u6700\u65b0\u6d88\u606f\u90fd\u5728\u9019\u88e1","og_url":"https:\/\/leather-pro.com\/vi\/tin-tuc-moi-nhat\/","og_site_name":"leather-pro.com","article_modified_time":"2018-09-03T02:48:44+00:00","twitter_card":"summary_large_image","twitter_misc":{"Est. reading time":"3 minutes"},"schema":{"@context":"https:\/\/schema.org","@graph":[{"@type":"WebPage","@id":"https:\/\/leather-pro.com\/vi\/tin-tuc-moi-nhat\/","url":"https:\/\/leather-pro.com\/vi\/tin-tuc-moi-nhat\/","name":"Leather Pro\u76ae\u9769\u4fdd\u990a\u5c08\u5bb6\uff5c\u6700\u65b0\u6d88\u606f","isPartOf":{"@id":"https:\/\/leather-pro.com\/#website"},"datePublished":"2018-09-03T01:28:11+00:00","dateModified":"2018-09-03T02:48:44+00:00","description":"Leather Pro\u76ae\u9769\u4fdd\u990a\u5c08\u5bb6\uff5c\u6709\u95dc\u76ae\u9769\u4fdd\u990a\u7684\u6700\u65b0\u6d88\u606f\u90fd\u5728\u9019\u88e1","breadcrumb":{"@id":"https:\/\/leather-pro.com\/vi\/tin-tuc-moi-nhat\/#breadcrumb"},"inLanguage":"vi-VN","potentialAction":[{"@type":"ReadAction","target":["https:\/\/leather-pro.com\/vi\/tin-tuc-moi-nhat\/"]}]},{"@type":"BreadcrumbList","@id":"https:\/\/leather-pro.com\/vi\/tin-tuc-moi-nhat\/#breadcrumb","itemListElement":[{"@type":"ListItem","position":1,"name":"Home","item":"https:\/\/leather-pro.com\/vi\/"},{"@type":"ListItem","position":2,"name":"News_vn"}]},{"@type":"WebSite","@id":"https:\/\/leather-pro.com\/#website","url":"https:\/\/leather-pro.com\/","name":"leather-pro.com","description":"Leather Care and Repair Experts","potentialAction":[{"@type":"SearchAction","target":{"@type":"EntryPoint","urlTemplate":"https:\/\/leather-pro.com\/?s={search_term_string}"},"query-input":{"@type":"PropertyValueSpecification","valueRequired":true,"valueName":"search_term_string"}}],"inLanguage":"vi-VN"}]}},"_links":{"self":[{"href":"https:\/\/leather-pro.com\/vi\/wp-json\/wp\/v2\/pages\/1458","targetHints":{"allow":["GET"]}}],"collection":[{"href":"https:\/\/leather-pro.com\/vi\/wp-json\/wp\/v2\/pages"}],"about":[{"href":"https:\/\/leather-pro.com\/vi\/wp-json\/wp\/v2\/types\/page"}],"author":[{"embeddable":true,"href":"https:\/\/leather-pro.com\/vi\/wp-json\/wp\/v2\/users\/3"}],"replies":[{"embeddable":true,"href":"https:\/\/leather-pro.com\/vi\/wp-json\/wp\/v2\/comments?post=1458"}],"version-history":[{"count":0,"href":"https:\/\/leather-pro.com\/vi\/wp-json\/wp\/v2\/pages\/1458\/revisions"}],"wp:attachment":[{"href":"https:\/\/leather-pro.com\/vi\/wp-json\/wp\/v2\/media?parent=1458"}],"curies":[{"name":"wp","href":"https:\/\/api.w.org\/{rel}","templated":true}]}}