{"id":1402,"date":"2018-09-03T01:28:12","date_gmt":"2018-09-03T01:28:12","guid":{"rendered":"https:\/\/leather-pro.com\/?page_id=1402"},"modified":"2018-09-03T01:28:12","modified_gmt":"2018-09-03T01:28:12","slug":"cham-soc-da-giay","status":"publish","type":"page","link":"https:\/\/leather-pro.com\/vi\/cham-soc-da-giay\/","title":{"rendered":"Shoes_Vietnam"},"content":{"rendered":"<div id=\"cs-content\" class=\"cs-content\"><\/div>\n","protected":false},"excerpt":{"rendered":"<p>GI\u00c0Y DA L\u00c0M S\u1ea0CH V\u00c0 B\u1ea2O QU\u1ea2N. TR\u1edcI M\u01afA L\u00c0M CHO GI\u00c0Y DA B\u1eca \u01af\u1edaT V\u00c0 D\u00cdNH B\u00d9N \u0110\u1ea4T.GI\u00c0Y DA B\u1eca X\u1ec8N,N\u1ee8T,V\u1ebeT B\u1ea8N. Leather Pro \uff5cCHUY\u00caN GIA CH\u0102M S\u00d3C DA GI\u00daP B\u1ea0N GI\u1ea2Y QUY\u1ebeT NH\u1eeeNG V\u1ea4N \u0110\u1ec0 PHI\u1ec0N NHI\u1ec4U N\u00c0Y\uff01 \u0110O\u1ea0N PHIM CHUY\u00caN GIA CH\u0102M S\u00d3C DA. 1_S\u1eecA D\u01af\u1ee0NG V\u00c0 T\u0102NG \u0110\u1ed8 S\u00c1NG CHO DA.HI\u1ec6U QU\u1ea2 S\u1eec D\u1ee4NG \/L\u00c0M CHO &#8230; <\/p>\n<div><a href=\"https:\/\/leather-pro.com\/vi\/%e7%99%bc%e9%9c%89%e8%99%95%e7%90%86%e7%8b%80%e6%b3%81-vn\/\" class=\"more-link\">Read More<\/a><\/div>\n","protected":false},"author":3,"featured_media":0,"parent":0,"menu_order":0,"comment_status":"closed","ping_status":"closed","template":"template-blank-4.php","meta":{"footnotes":""},"class_list":["post-1402","page","type-page","status-publish","hentry","no-post-thumbnail"],"yoast_head":"<!-- This site is optimized with the Yoast SEO plugin v26.5 - https:\/\/yoast.com\/wordpress\/plugins\/seo\/ -->\n<title>Leather Pro\u76ae\u9769\u4fdd\u990a\u5c08\u5bb6\uff5c\u978b\u985e\u76ae\u9769\u4fdd\u990a<\/title>\n<meta name=\"description\" content=\"\u978b\u985e\u76ae\u9769\u4fdd\u990a\uff0c\u76ae\u978b\u76ae\u9769\u6697\u6c89\u3001\u9f9c\u88c2\u3001\u9ad2\u6c59\u4e0d\u582a\uff1fLeather Pro\u76ae\u9769\u4fdd\u990a\u5c08\u5bb6\uff0c\u5404\u5f0f\u978b\u985e\u76ae\u9769\u4fdd\u990a\u4e73\u5e6b\u60a8\u89e3\u6c7a\u9019\u4e9b\u60f1\u4eba\u554f\u984c\uff01\" \/>\n<meta name=\"robots\" content=\"index, follow, max-snippet:-1, max-image-preview:large, max-video-preview:-1\" \/>\n<link rel=\"canonical\" href=\"https:\/\/leather-pro.com\/vi\/cham-soc-da-giay\/\" \/>\n<meta property=\"og:locale\" content=\"vi_VN\" \/>\n<meta property=\"og:type\" content=\"article\" \/>\n<meta property=\"og:title\" content=\"Leather Pro\u76ae\u9769\u4fdd\u990a\u5c08\u5bb6\uff5c\u978b\u985e\u76ae\u9769\u4fdd\u990a\" \/>\n<meta property=\"og:description\" content=\"\u978b\u985e\u76ae\u9769\u4fdd\u990a\uff0c\u76ae\u978b\u76ae\u9769\u6697\u6c89\u3001\u9f9c\u88c2\u3001\u9ad2\u6c59\u4e0d\u582a\uff1fLeather Pro\u76ae\u9769\u4fdd\u990a\u5c08\u5bb6\uff0c\u5404\u5f0f\u978b\u985e\u76ae\u9769\u4fdd\u990a\u4e73\u5e6b\u60a8\u89e3\u6c7a\u9019\u4e9b\u60f1\u4eba\u554f\u984c\uff01\" \/>\n<meta property=\"og:url\" content=\"https:\/\/leather-pro.com\/vi\/cham-soc-da-giay\/\" \/>\n<meta property=\"og:site_name\" content=\"leather-pro.com\" \/>\n<meta name=\"twitter:card\" content=\"summary_large_image\" \/>\n<meta name=\"twitter:label1\" content=\"Est. reading time\" \/>\n\t<meta name=\"twitter:data1\" content=\"7 minutes\" \/>\n<script type=\"application\/ld+json\" class=\"yoast-schema-graph\">{\"@context\":\"https:\/\/schema.org\",\"@graph\":[{\"@type\":\"WebPage\",\"@id\":\"https:\/\/leather-pro.com\/vi\/cham-soc-da-giay\/\",\"url\":\"https:\/\/leather-pro.com\/vi\/cham-soc-da-giay\/\",\"name\":\"Leather Pro\u76ae\u9769\u4fdd\u990a\u5c08\u5bb6\uff5c\u978b\u985e\u76ae\u9769\u4fdd\u990a\",\"isPartOf\":{\"@id\":\"https:\/\/leather-pro.com\/#website\"},\"datePublished\":\"2018-09-03T01:28:12+00:00\",\"description\":\"\u978b\u985e\u76ae\u9769\u4fdd\u990a\uff0c\u76ae\u978b\u76ae\u9769\u6697\u6c89\u3001\u9f9c\u88c2\u3001\u9ad2\u6c59\u4e0d\u582a\uff1fLeather Pro\u76ae\u9769\u4fdd\u990a\u5c08\u5bb6\uff0c\u5404\u5f0f\u978b\u985e\u76ae\u9769\u4fdd\u990a\u4e73\u5e6b\u60a8\u89e3\u6c7a\u9019\u4e9b\u60f1\u4eba\u554f\u984c\uff01\",\"breadcrumb\":{\"@id\":\"https:\/\/leather-pro.com\/vi\/cham-soc-da-giay\/#breadcrumb\"},\"inLanguage\":\"vi-VN\",\"potentialAction\":[{\"@type\":\"ReadAction\",\"target\":[\"https:\/\/leather-pro.com\/vi\/cham-soc-da-giay\/\"]}]},{\"@type\":\"BreadcrumbList\",\"@id\":\"https:\/\/leather-pro.com\/vi\/cham-soc-da-giay\/#breadcrumb\",\"itemListElement\":[{\"@type\":\"ListItem\",\"position\":1,\"name\":\"Home\",\"item\":\"https:\/\/leather-pro.com\/vi\/\"},{\"@type\":\"ListItem\",\"position\":2,\"name\":\"Shoes_Vietnam\"}]},{\"@type\":\"WebSite\",\"@id\":\"https:\/\/leather-pro.com\/#website\",\"url\":\"https:\/\/leather-pro.com\/\",\"name\":\"leather-pro.com\",\"description\":\"Leather Care and Repair Experts\",\"potentialAction\":[{\"@type\":\"SearchAction\",\"target\":{\"@type\":\"EntryPoint\",\"urlTemplate\":\"https:\/\/leather-pro.com\/?s={search_term_string}\"},\"query-input\":{\"@type\":\"PropertyValueSpecification\",\"valueRequired\":true,\"valueName\":\"search_term_string\"}}],\"inLanguage\":\"vi-VN\"}]}<\/script>\n<!-- \/ Yoast SEO plugin. -->","yoast_head_json":{"title":"Leather Pro\u76ae\u9769\u4fdd\u990a\u5c08\u5bb6\uff5c\u978b\u985e\u76ae\u9769\u4fdd\u990a","description":"\u978b\u985e\u76ae\u9769\u4fdd\u990a\uff0c\u76ae\u978b\u76ae\u9769\u6697\u6c89\u3001\u9f9c\u88c2\u3001\u9ad2\u6c59\u4e0d\u582a\uff1fLeather Pro\u76ae\u9769\u4fdd\u990a\u5c08\u5bb6\uff0c\u5404\u5f0f\u978b\u985e\u76ae\u9769\u4fdd\u990a\u4e73\u5e6b\u60a8\u89e3\u6c7a\u9019\u4e9b\u60f1\u4eba\u554f\u984c\uff01","robots":{"index":"index","follow":"follow","max-snippet":"max-snippet:-1","max-image-preview":"max-image-preview:large","max-video-preview":"max-video-preview:-1"},"canonical":"https:\/\/leather-pro.com\/vi\/cham-soc-da-giay\/","og_locale":"vi_VN","og_type":"article","og_title":"Leather Pro\u76ae\u9769\u4fdd\u990a\u5c08\u5bb6\uff5c\u978b\u985e\u76ae\u9769\u4fdd\u990a","og_description":"\u978b\u985e\u76ae\u9769\u4fdd\u990a\uff0c\u76ae\u978b\u76ae\u9769\u6697\u6c89\u3001\u9f9c\u88c2\u3001\u9ad2\u6c59\u4e0d\u582a\uff1fLeather Pro\u76ae\u9769\u4fdd\u990a\u5c08\u5bb6\uff0c\u5404\u5f0f\u978b\u985e\u76ae\u9769\u4fdd\u990a\u4e73\u5e6b\u60a8\u89e3\u6c7a\u9019\u4e9b\u60f1\u4eba\u554f\u984c\uff01","og_url":"https:\/\/leather-pro.com\/vi\/cham-soc-da-giay\/","og_site_name":"leather-pro.com","twitter_card":"summary_large_image","twitter_misc":{"Est. reading time":"7 minutes"},"schema":{"@context":"https:\/\/schema.org","@graph":[{"@type":"WebPage","@id":"https:\/\/leather-pro.com\/vi\/cham-soc-da-giay\/","url":"https:\/\/leather-pro.com\/vi\/cham-soc-da-giay\/","name":"Leather Pro\u76ae\u9769\u4fdd\u990a\u5c08\u5bb6\uff5c\u978b\u985e\u76ae\u9769\u4fdd\u990a","isPartOf":{"@id":"https:\/\/leather-pro.com\/#website"},"datePublished":"2018-09-03T01:28:12+00:00","description":"\u978b\u985e\u76ae\u9769\u4fdd\u990a\uff0c\u76ae\u978b\u76ae\u9769\u6697\u6c89\u3001\u9f9c\u88c2\u3001\u9ad2\u6c59\u4e0d\u582a\uff1fLeather Pro\u76ae\u9769\u4fdd\u990a\u5c08\u5bb6\uff0c\u5404\u5f0f\u978b\u985e\u76ae\u9769\u4fdd\u990a\u4e73\u5e6b\u60a8\u89e3\u6c7a\u9019\u4e9b\u60f1\u4eba\u554f\u984c\uff01","breadcrumb":{"@id":"https:\/\/leather-pro.com\/vi\/cham-soc-da-giay\/#breadcrumb"},"inLanguage":"vi-VN","potentialAction":[{"@type":"ReadAction","target":["https:\/\/leather-pro.com\/vi\/cham-soc-da-giay\/"]}]},{"@type":"BreadcrumbList","@id":"https:\/\/leather-pro.com\/vi\/cham-soc-da-giay\/#breadcrumb","itemListElement":[{"@type":"ListItem","position":1,"name":"Home","item":"https:\/\/leather-pro.com\/vi\/"},{"@type":"ListItem","position":2,"name":"Shoes_Vietnam"}]},{"@type":"WebSite","@id":"https:\/\/leather-pro.com\/#website","url":"https:\/\/leather-pro.com\/","name":"leather-pro.com","description":"Leather Care and Repair Experts","potentialAction":[{"@type":"SearchAction","target":{"@type":"EntryPoint","urlTemplate":"https:\/\/leather-pro.com\/?s={search_term_string}"},"query-input":{"@type":"PropertyValueSpecification","valueRequired":true,"valueName":"search_term_string"}}],"inLanguage":"vi-VN"}]}},"_links":{"self":[{"href":"https:\/\/leather-pro.com\/vi\/wp-json\/wp\/v2\/pages\/1402","targetHints":{"allow":["GET"]}}],"collection":[{"href":"https:\/\/leather-pro.com\/vi\/wp-json\/wp\/v2\/pages"}],"about":[{"href":"https:\/\/leather-pro.com\/vi\/wp-json\/wp\/v2\/types\/page"}],"author":[{"embeddable":true,"href":"https:\/\/leather-pro.com\/vi\/wp-json\/wp\/v2\/users\/3"}],"replies":[{"embeddable":true,"href":"https:\/\/leather-pro.com\/vi\/wp-json\/wp\/v2\/comments?post=1402"}],"version-history":[{"count":0,"href":"https:\/\/leather-pro.com\/vi\/wp-json\/wp\/v2\/pages\/1402\/revisions"}],"wp:attachment":[{"href":"https:\/\/leather-pro.com\/vi\/wp-json\/wp\/v2\/media?parent=1402"}],"curies":[{"name":"wp","href":"https:\/\/api.w.org\/{rel}","templated":true}]}}