{"id":1396,"date":"2018-09-03T01:28:09","date_gmt":"2018-09-03T01:28:09","guid":{"rendered":"https:\/\/leather-pro.com\/?page_id=1396"},"modified":"2018-09-03T01:28:09","modified_gmt":"2018-09-03T01:28:09","slug":"cham-soc-tui-da","status":"publish","type":"page","link":"https:\/\/leather-pro.com\/vi\/cham-soc-tui-da\/","title":{"rendered":"Leather Bag_Vietnam"},"content":{"rendered":"<div id=\"cs-content\" class=\"cs-content\"><\/div>\n","protected":false},"excerpt":{"rendered":"<p>C\u00c1CH CH\u0102M S\u00d3C V\u00c0 V\u1ec6 SINH T\u00daI DA. M\u1ed8T C\u00c1I T\u00daI DA \u0110\u1eaeT TI\u1ec0N,CH\u1ec8 S\u1eec D\u1ee4NG G\u00d3I CH\u0102M S\u00d3C TH\u00d4NG TH\u01af\u1edcNG L\u00c0M CHO DA M\u1edc,B\u1eca N\u1ee8T V\u00c0 B\u1ea8N.DA PRO.CHUY\u00caN GIA CH\u0102M S\u00d3C DA S\u1eba GI\u00daP B\u1ea0N GI\u1ea2I QUY\u1ebeT NH\u1eeeNG V\u1ea4N \u0110\u1ec0 B\u1ea0N \u0110ANG LO \u00c2U. \u0110O\u1ea0N PHIM CHUY\u00caN GIA CH\u0102M S\u00d3C T\u00daI DA 1_DUNG D\u1ecaCH L\u00c0M S\u1ea0CH DAHI\u1ec6U QU\u1ea2 SAO &#8230; <\/p>\n<div><a href=\"https:\/\/leather-pro.com\/vi\/chanel%e9%87%91%e5%b1%ac%e8%89%b2%e5%8c%85%e5%8c%85%e6%8e%89%e6%bc%86%e4%bf%ae%e5%be%a9-vn\/\" class=\"more-link\">Read More<\/a><\/div>\n","protected":false},"author":3,"featured_media":0,"parent":0,"menu_order":0,"comment_status":"closed","ping_status":"closed","template":"template-blank-4.php","meta":{"footnotes":""},"class_list":["post-1396","page","type-page","status-publish","hentry","no-post-thumbnail"],"yoast_head":"<!-- This site is optimized with the Yoast SEO plugin v26.5 - https:\/\/yoast.com\/wordpress\/plugins\/seo\/ -->\n<title>Leather Pro\u76ae\u9769\u4fdd\u990a\u5c08\u5bb6\uff5c\u5305\u5305\u76ae\u9769\u4fdd\u990a<\/title>\n<meta name=\"description\" content=\"\u5305\u5305\u76ae\u9769\u4fdd\u990a\uff0c\u76ae\u5305\u76ae\u9769\u6697\u6c89\u3001\u9f9c\u88c2\u3001\u9ad2\u6c59\u4e0d\u582a\uff1fLeather Pro\u76ae\u9769\u4fdd\u990a\u5c08\u5bb6\uff0c\u5404\u5f0f\u5305\u5305\u76ae\u9769\u4fdd\u990a\u4e73\u5e6b\u60a8\u89e3\u6c7a\u9019\u4e9b\u60f1\u4eba\u554f\u984c\uff01\" \/>\n<meta name=\"robots\" content=\"index, follow, max-snippet:-1, max-image-preview:large, max-video-preview:-1\" \/>\n<link rel=\"canonical\" href=\"https:\/\/leather-pro.com\/vi\/cham-soc-tui-da\/\" \/>\n<meta property=\"og:locale\" content=\"vi_VN\" \/>\n<meta property=\"og:type\" content=\"article\" \/>\n<meta property=\"og:title\" content=\"Leather Pro\u76ae\u9769\u4fdd\u990a\u5c08\u5bb6\uff5c\u5305\u5305\u76ae\u9769\u4fdd\u990a\" \/>\n<meta property=\"og:description\" content=\"\u5305\u5305\u76ae\u9769\u4fdd\u990a\uff0c\u76ae\u5305\u76ae\u9769\u6697\u6c89\u3001\u9f9c\u88c2\u3001\u9ad2\u6c59\u4e0d\u582a\uff1fLeather Pro\u76ae\u9769\u4fdd\u990a\u5c08\u5bb6\uff0c\u5404\u5f0f\u5305\u5305\u76ae\u9769\u4fdd\u990a\u4e73\u5e6b\u60a8\u89e3\u6c7a\u9019\u4e9b\u60f1\u4eba\u554f\u984c\uff01\" \/>\n<meta property=\"og:url\" content=\"https:\/\/leather-pro.com\/vi\/cham-soc-tui-da\/\" \/>\n<meta property=\"og:site_name\" content=\"leather-pro.com\" \/>\n<meta name=\"twitter:card\" content=\"summary_large_image\" \/>\n<meta name=\"twitter:label1\" content=\"Est. reading time\" \/>\n\t<meta name=\"twitter:data1\" content=\"7 minutes\" \/>\n<script type=\"application\/ld+json\" class=\"yoast-schema-graph\">{\"@context\":\"https:\/\/schema.org\",\"@graph\":[{\"@type\":\"WebPage\",\"@id\":\"https:\/\/leather-pro.com\/vi\/cham-soc-tui-da\/\",\"url\":\"https:\/\/leather-pro.com\/vi\/cham-soc-tui-da\/\",\"name\":\"Leather Pro\u76ae\u9769\u4fdd\u990a\u5c08\u5bb6\uff5c\u5305\u5305\u76ae\u9769\u4fdd\u990a\",\"isPartOf\":{\"@id\":\"https:\/\/leather-pro.com\/#website\"},\"datePublished\":\"2018-09-03T01:28:09+00:00\",\"description\":\"\u5305\u5305\u76ae\u9769\u4fdd\u990a\uff0c\u76ae\u5305\u76ae\u9769\u6697\u6c89\u3001\u9f9c\u88c2\u3001\u9ad2\u6c59\u4e0d\u582a\uff1fLeather Pro\u76ae\u9769\u4fdd\u990a\u5c08\u5bb6\uff0c\u5404\u5f0f\u5305\u5305\u76ae\u9769\u4fdd\u990a\u4e73\u5e6b\u60a8\u89e3\u6c7a\u9019\u4e9b\u60f1\u4eba\u554f\u984c\uff01\",\"breadcrumb\":{\"@id\":\"https:\/\/leather-pro.com\/vi\/cham-soc-tui-da\/#breadcrumb\"},\"inLanguage\":\"vi-VN\",\"potentialAction\":[{\"@type\":\"ReadAction\",\"target\":[\"https:\/\/leather-pro.com\/vi\/cham-soc-tui-da\/\"]}]},{\"@type\":\"BreadcrumbList\",\"@id\":\"https:\/\/leather-pro.com\/vi\/cham-soc-tui-da\/#breadcrumb\",\"itemListElement\":[{\"@type\":\"ListItem\",\"position\":1,\"name\":\"Home\",\"item\":\"https:\/\/leather-pro.com\/vi\/\"},{\"@type\":\"ListItem\",\"position\":2,\"name\":\"Leather Bag_Vietnam\"}]},{\"@type\":\"WebSite\",\"@id\":\"https:\/\/leather-pro.com\/#website\",\"url\":\"https:\/\/leather-pro.com\/\",\"name\":\"leather-pro.com\",\"description\":\"Leather Care and Repair Experts\",\"potentialAction\":[{\"@type\":\"SearchAction\",\"target\":{\"@type\":\"EntryPoint\",\"urlTemplate\":\"https:\/\/leather-pro.com\/?s={search_term_string}\"},\"query-input\":{\"@type\":\"PropertyValueSpecification\",\"valueRequired\":true,\"valueName\":\"search_term_string\"}}],\"inLanguage\":\"vi-VN\"}]}<\/script>\n<!-- \/ Yoast SEO plugin. -->","yoast_head_json":{"title":"Leather Pro\u76ae\u9769\u4fdd\u990a\u5c08\u5bb6\uff5c\u5305\u5305\u76ae\u9769\u4fdd\u990a","description":"\u5305\u5305\u76ae\u9769\u4fdd\u990a\uff0c\u76ae\u5305\u76ae\u9769\u6697\u6c89\u3001\u9f9c\u88c2\u3001\u9ad2\u6c59\u4e0d\u582a\uff1fLeather Pro\u76ae\u9769\u4fdd\u990a\u5c08\u5bb6\uff0c\u5404\u5f0f\u5305\u5305\u76ae\u9769\u4fdd\u990a\u4e73\u5e6b\u60a8\u89e3\u6c7a\u9019\u4e9b\u60f1\u4eba\u554f\u984c\uff01","robots":{"index":"index","follow":"follow","max-snippet":"max-snippet:-1","max-image-preview":"max-image-preview:large","max-video-preview":"max-video-preview:-1"},"canonical":"https:\/\/leather-pro.com\/vi\/cham-soc-tui-da\/","og_locale":"vi_VN","og_type":"article","og_title":"Leather Pro\u76ae\u9769\u4fdd\u990a\u5c08\u5bb6\uff5c\u5305\u5305\u76ae\u9769\u4fdd\u990a","og_description":"\u5305\u5305\u76ae\u9769\u4fdd\u990a\uff0c\u76ae\u5305\u76ae\u9769\u6697\u6c89\u3001\u9f9c\u88c2\u3001\u9ad2\u6c59\u4e0d\u582a\uff1fLeather Pro\u76ae\u9769\u4fdd\u990a\u5c08\u5bb6\uff0c\u5404\u5f0f\u5305\u5305\u76ae\u9769\u4fdd\u990a\u4e73\u5e6b\u60a8\u89e3\u6c7a\u9019\u4e9b\u60f1\u4eba\u554f\u984c\uff01","og_url":"https:\/\/leather-pro.com\/vi\/cham-soc-tui-da\/","og_site_name":"leather-pro.com","twitter_card":"summary_large_image","twitter_misc":{"Est. reading time":"7 minutes"},"schema":{"@context":"https:\/\/schema.org","@graph":[{"@type":"WebPage","@id":"https:\/\/leather-pro.com\/vi\/cham-soc-tui-da\/","url":"https:\/\/leather-pro.com\/vi\/cham-soc-tui-da\/","name":"Leather Pro\u76ae\u9769\u4fdd\u990a\u5c08\u5bb6\uff5c\u5305\u5305\u76ae\u9769\u4fdd\u990a","isPartOf":{"@id":"https:\/\/leather-pro.com\/#website"},"datePublished":"2018-09-03T01:28:09+00:00","description":"\u5305\u5305\u76ae\u9769\u4fdd\u990a\uff0c\u76ae\u5305\u76ae\u9769\u6697\u6c89\u3001\u9f9c\u88c2\u3001\u9ad2\u6c59\u4e0d\u582a\uff1fLeather Pro\u76ae\u9769\u4fdd\u990a\u5c08\u5bb6\uff0c\u5404\u5f0f\u5305\u5305\u76ae\u9769\u4fdd\u990a\u4e73\u5e6b\u60a8\u89e3\u6c7a\u9019\u4e9b\u60f1\u4eba\u554f\u984c\uff01","breadcrumb":{"@id":"https:\/\/leather-pro.com\/vi\/cham-soc-tui-da\/#breadcrumb"},"inLanguage":"vi-VN","potentialAction":[{"@type":"ReadAction","target":["https:\/\/leather-pro.com\/vi\/cham-soc-tui-da\/"]}]},{"@type":"BreadcrumbList","@id":"https:\/\/leather-pro.com\/vi\/cham-soc-tui-da\/#breadcrumb","itemListElement":[{"@type":"ListItem","position":1,"name":"Home","item":"https:\/\/leather-pro.com\/vi\/"},{"@type":"ListItem","position":2,"name":"Leather Bag_Vietnam"}]},{"@type":"WebSite","@id":"https:\/\/leather-pro.com\/#website","url":"https:\/\/leather-pro.com\/","name":"leather-pro.com","description":"Leather Care and Repair Experts","potentialAction":[{"@type":"SearchAction","target":{"@type":"EntryPoint","urlTemplate":"https:\/\/leather-pro.com\/?s={search_term_string}"},"query-input":{"@type":"PropertyValueSpecification","valueRequired":true,"valueName":"search_term_string"}}],"inLanguage":"vi-VN"}]}},"_links":{"self":[{"href":"https:\/\/leather-pro.com\/vi\/wp-json\/wp\/v2\/pages\/1396","targetHints":{"allow":["GET"]}}],"collection":[{"href":"https:\/\/leather-pro.com\/vi\/wp-json\/wp\/v2\/pages"}],"about":[{"href":"https:\/\/leather-pro.com\/vi\/wp-json\/wp\/v2\/types\/page"}],"author":[{"embeddable":true,"href":"https:\/\/leather-pro.com\/vi\/wp-json\/wp\/v2\/users\/3"}],"replies":[{"embeddable":true,"href":"https:\/\/leather-pro.com\/vi\/wp-json\/wp\/v2\/comments?post=1396"}],"version-history":[{"count":0,"href":"https:\/\/leather-pro.com\/vi\/wp-json\/wp\/v2\/pages\/1396\/revisions"}],"wp:attachment":[{"href":"https:\/\/leather-pro.com\/vi\/wp-json\/wp\/v2\/media?parent=1396"}],"curies":[{"name":"wp","href":"https:\/\/api.w.org\/{rel}","templated":true}]}}