{"id":1392,"date":"2018-09-03T01:28:08","date_gmt":"2018-09-03T01:28:08","guid":{"rendered":"https:\/\/leather-pro.com\/?page_id=1392"},"modified":"2018-09-03T01:28:08","modified_gmt":"2018-09-03T01:28:08","slug":"cham-soc-da-xe","status":"publish","type":"page","link":"https:\/\/leather-pro.com\/vi\/cham-soc-da-xe\/","title":{"rendered":"Car Leather_Vietnam"},"content":{"rendered":"<div id=\"cs-content\" class=\"cs-content\"><\/div>\n","protected":false},"excerpt":{"rendered":"<p>L\u00e0m s\u1ea1ch v\u00e0 b\u1ea3o d\u01b0\u1ee1ng xe \u00f4 t\u00f4 B\u1ea3o tr\u00ec xe h\u00e0ng ng\u00e0y cho xe.Da gh\u1ebf b\u1ecb x\u1ec9n,n\u1ee9t,b\u1ea9n. Leather Pro \uff5cchuy\u00ean gia chu\u00e2m s\u00f3c da s\u1ebd gi\u00fap b\u1ea1n gi\u1ea3i quy\u1ebft nh\u1eefng v\u1ea5n \u0111\u1ec1 n\u00eau tr\u00ean. \u0110O\u1ea0N PHIM Chuy\u00ean gia ch\u0103m s\u00f3c da 1_cream b\u1ea3o tr\u00ec da v\u00e0 v\u1ec7 sinh daHI\u1ec6U QU\u1ea2 S\u1eec D\u1ee4NG \/Lo\u1ea1i b\u1ecf c\u00e1c v\u1ebft b\u1ea9n v\u00e0 v\u1ebft &#8230; <\/p>\n<div><a href=\"https:\/\/leather-pro.com\/vi\/%e6%91%a9%e6%89%98%e8%bb%8a%e7%9a%ae%e6%a4%85%e5%a2%9e%e4%ba%ae-vn\/\" class=\"more-link\">Read More<\/a><\/div>\n","protected":false},"author":3,"featured_media":0,"parent":0,"menu_order":0,"comment_status":"closed","ping_status":"closed","template":"template-blank-4.php","meta":{"footnotes":""},"class_list":["post-1392","page","type-page","status-publish","hentry","no-post-thumbnail"],"yoast_head":"<!-- This site is optimized with the Yoast SEO plugin v26.5 - https:\/\/yoast.com\/wordpress\/plugins\/seo\/ -->\n<title>Leather Pro\u76ae\u9769\u4fdd\u990a\u5c08\u5bb6\uff5c\u8eca\u7528\u76ae\u9769\u4fdd\u990a<\/title>\n<meta name=\"description\" content=\"\u65e5\u5e38\u8eca\u7528\u76ae\u9769\u4fdd\u990a\uff0c\u8eca\u7528\u5ea7\u6905\u76ae\u9769\u6697\u6c89\u3001\u9f9c\u88c2\u3001\u9ad2\u6c59\u4e0d\u582a\uff1fLeather Pro\u76ae\u9769\u4fdd\u990a\u5c08\u5bb6\u5404\u5f0f\u8eca\u7528\u76ae\u9769\u4fdd\u990a\u4e73\u5e6b\u60a8\u89e3\u6c7a\u9019\u4e9b\u60f1\u4eba\u554f\u984c\uff01\" \/>\n<meta name=\"robots\" content=\"index, follow, max-snippet:-1, max-image-preview:large, max-video-preview:-1\" \/>\n<link rel=\"canonical\" href=\"https:\/\/leather-pro.com\/vi\/cham-soc-da-xe\/\" \/>\n<meta property=\"og:locale\" content=\"vi_VN\" \/>\n<meta property=\"og:type\" content=\"article\" \/>\n<meta property=\"og:title\" content=\"Leather Pro\u76ae\u9769\u4fdd\u990a\u5c08\u5bb6\uff5c\u8eca\u7528\u76ae\u9769\u4fdd\u990a\" \/>\n<meta property=\"og:description\" content=\"\u65e5\u5e38\u8eca\u7528\u76ae\u9769\u4fdd\u990a\uff0c\u8eca\u7528\u5ea7\u6905\u76ae\u9769\u6697\u6c89\u3001\u9f9c\u88c2\u3001\u9ad2\u6c59\u4e0d\u582a\uff1fLeather Pro\u76ae\u9769\u4fdd\u990a\u5c08\u5bb6\u5404\u5f0f\u8eca\u7528\u76ae\u9769\u4fdd\u990a\u4e73\u5e6b\u60a8\u89e3\u6c7a\u9019\u4e9b\u60f1\u4eba\u554f\u984c\uff01\" \/>\n<meta property=\"og:url\" content=\"https:\/\/leather-pro.com\/vi\/cham-soc-da-xe\/\" \/>\n<meta property=\"og:site_name\" content=\"leather-pro.com\" \/>\n<meta name=\"twitter:card\" content=\"summary_large_image\" \/>\n<meta name=\"twitter:label1\" content=\"Est. reading time\" \/>\n\t<meta name=\"twitter:data1\" content=\"6 minutes\" \/>\n<script type=\"application\/ld+json\" class=\"yoast-schema-graph\">{\"@context\":\"https:\/\/schema.org\",\"@graph\":[{\"@type\":\"WebPage\",\"@id\":\"https:\/\/leather-pro.com\/vi\/cham-soc-da-xe\/\",\"url\":\"https:\/\/leather-pro.com\/vi\/cham-soc-da-xe\/\",\"name\":\"Leather Pro\u76ae\u9769\u4fdd\u990a\u5c08\u5bb6\uff5c\u8eca\u7528\u76ae\u9769\u4fdd\u990a\",\"isPartOf\":{\"@id\":\"https:\/\/leather-pro.com\/#website\"},\"datePublished\":\"2018-09-03T01:28:08+00:00\",\"description\":\"\u65e5\u5e38\u8eca\u7528\u76ae\u9769\u4fdd\u990a\uff0c\u8eca\u7528\u5ea7\u6905\u76ae\u9769\u6697\u6c89\u3001\u9f9c\u88c2\u3001\u9ad2\u6c59\u4e0d\u582a\uff1fLeather Pro\u76ae\u9769\u4fdd\u990a\u5c08\u5bb6\u5404\u5f0f\u8eca\u7528\u76ae\u9769\u4fdd\u990a\u4e73\u5e6b\u60a8\u89e3\u6c7a\u9019\u4e9b\u60f1\u4eba\u554f\u984c\uff01\",\"breadcrumb\":{\"@id\":\"https:\/\/leather-pro.com\/vi\/cham-soc-da-xe\/#breadcrumb\"},\"inLanguage\":\"vi-VN\",\"potentialAction\":[{\"@type\":\"ReadAction\",\"target\":[\"https:\/\/leather-pro.com\/vi\/cham-soc-da-xe\/\"]}]},{\"@type\":\"BreadcrumbList\",\"@id\":\"https:\/\/leather-pro.com\/vi\/cham-soc-da-xe\/#breadcrumb\",\"itemListElement\":[{\"@type\":\"ListItem\",\"position\":1,\"name\":\"Home\",\"item\":\"https:\/\/leather-pro.com\/vi\/\"},{\"@type\":\"ListItem\",\"position\":2,\"name\":\"Car Leather_Vietnam\"}]},{\"@type\":\"WebSite\",\"@id\":\"https:\/\/leather-pro.com\/#website\",\"url\":\"https:\/\/leather-pro.com\/\",\"name\":\"leather-pro.com\",\"description\":\"Leather Care and Repair Experts\",\"potentialAction\":[{\"@type\":\"SearchAction\",\"target\":{\"@type\":\"EntryPoint\",\"urlTemplate\":\"https:\/\/leather-pro.com\/?s={search_term_string}\"},\"query-input\":{\"@type\":\"PropertyValueSpecification\",\"valueRequired\":true,\"valueName\":\"search_term_string\"}}],\"inLanguage\":\"vi-VN\"}]}<\/script>\n<!-- \/ Yoast SEO plugin. -->","yoast_head_json":{"title":"Leather Pro\u76ae\u9769\u4fdd\u990a\u5c08\u5bb6\uff5c\u8eca\u7528\u76ae\u9769\u4fdd\u990a","description":"\u65e5\u5e38\u8eca\u7528\u76ae\u9769\u4fdd\u990a\uff0c\u8eca\u7528\u5ea7\u6905\u76ae\u9769\u6697\u6c89\u3001\u9f9c\u88c2\u3001\u9ad2\u6c59\u4e0d\u582a\uff1fLeather Pro\u76ae\u9769\u4fdd\u990a\u5c08\u5bb6\u5404\u5f0f\u8eca\u7528\u76ae\u9769\u4fdd\u990a\u4e73\u5e6b\u60a8\u89e3\u6c7a\u9019\u4e9b\u60f1\u4eba\u554f\u984c\uff01","robots":{"index":"index","follow":"follow","max-snippet":"max-snippet:-1","max-image-preview":"max-image-preview:large","max-video-preview":"max-video-preview:-1"},"canonical":"https:\/\/leather-pro.com\/vi\/cham-soc-da-xe\/","og_locale":"vi_VN","og_type":"article","og_title":"Leather Pro\u76ae\u9769\u4fdd\u990a\u5c08\u5bb6\uff5c\u8eca\u7528\u76ae\u9769\u4fdd\u990a","og_description":"\u65e5\u5e38\u8eca\u7528\u76ae\u9769\u4fdd\u990a\uff0c\u8eca\u7528\u5ea7\u6905\u76ae\u9769\u6697\u6c89\u3001\u9f9c\u88c2\u3001\u9ad2\u6c59\u4e0d\u582a\uff1fLeather Pro\u76ae\u9769\u4fdd\u990a\u5c08\u5bb6\u5404\u5f0f\u8eca\u7528\u76ae\u9769\u4fdd\u990a\u4e73\u5e6b\u60a8\u89e3\u6c7a\u9019\u4e9b\u60f1\u4eba\u554f\u984c\uff01","og_url":"https:\/\/leather-pro.com\/vi\/cham-soc-da-xe\/","og_site_name":"leather-pro.com","twitter_card":"summary_large_image","twitter_misc":{"Est. reading time":"6 minutes"},"schema":{"@context":"https:\/\/schema.org","@graph":[{"@type":"WebPage","@id":"https:\/\/leather-pro.com\/vi\/cham-soc-da-xe\/","url":"https:\/\/leather-pro.com\/vi\/cham-soc-da-xe\/","name":"Leather Pro\u76ae\u9769\u4fdd\u990a\u5c08\u5bb6\uff5c\u8eca\u7528\u76ae\u9769\u4fdd\u990a","isPartOf":{"@id":"https:\/\/leather-pro.com\/#website"},"datePublished":"2018-09-03T01:28:08+00:00","description":"\u65e5\u5e38\u8eca\u7528\u76ae\u9769\u4fdd\u990a\uff0c\u8eca\u7528\u5ea7\u6905\u76ae\u9769\u6697\u6c89\u3001\u9f9c\u88c2\u3001\u9ad2\u6c59\u4e0d\u582a\uff1fLeather Pro\u76ae\u9769\u4fdd\u990a\u5c08\u5bb6\u5404\u5f0f\u8eca\u7528\u76ae\u9769\u4fdd\u990a\u4e73\u5e6b\u60a8\u89e3\u6c7a\u9019\u4e9b\u60f1\u4eba\u554f\u984c\uff01","breadcrumb":{"@id":"https:\/\/leather-pro.com\/vi\/cham-soc-da-xe\/#breadcrumb"},"inLanguage":"vi-VN","potentialAction":[{"@type":"ReadAction","target":["https:\/\/leather-pro.com\/vi\/cham-soc-da-xe\/"]}]},{"@type":"BreadcrumbList","@id":"https:\/\/leather-pro.com\/vi\/cham-soc-da-xe\/#breadcrumb","itemListElement":[{"@type":"ListItem","position":1,"name":"Home","item":"https:\/\/leather-pro.com\/vi\/"},{"@type":"ListItem","position":2,"name":"Car Leather_Vietnam"}]},{"@type":"WebSite","@id":"https:\/\/leather-pro.com\/#website","url":"https:\/\/leather-pro.com\/","name":"leather-pro.com","description":"Leather Care and Repair Experts","potentialAction":[{"@type":"SearchAction","target":{"@type":"EntryPoint","urlTemplate":"https:\/\/leather-pro.com\/?s={search_term_string}"},"query-input":{"@type":"PropertyValueSpecification","valueRequired":true,"valueName":"search_term_string"}}],"inLanguage":"vi-VN"}]}},"_links":{"self":[{"href":"https:\/\/leather-pro.com\/vi\/wp-json\/wp\/v2\/pages\/1392","targetHints":{"allow":["GET"]}}],"collection":[{"href":"https:\/\/leather-pro.com\/vi\/wp-json\/wp\/v2\/pages"}],"about":[{"href":"https:\/\/leather-pro.com\/vi\/wp-json\/wp\/v2\/types\/page"}],"author":[{"embeddable":true,"href":"https:\/\/leather-pro.com\/vi\/wp-json\/wp\/v2\/users\/3"}],"replies":[{"embeddable":true,"href":"https:\/\/leather-pro.com\/vi\/wp-json\/wp\/v2\/comments?post=1392"}],"version-history":[{"count":0,"href":"https:\/\/leather-pro.com\/vi\/wp-json\/wp\/v2\/pages\/1392\/revisions"}],"wp:attachment":[{"href":"https:\/\/leather-pro.com\/vi\/wp-json\/wp\/v2\/media?parent=1392"}],"curies":[{"name":"wp","href":"https:\/\/api.w.org\/{rel}","templated":true}]}}