{"id":1387,"date":"2018-09-03T01:28:10","date_gmt":"2018-09-03T01:28:10","guid":{"rendered":"https:\/\/leather-pro.com\/?page_id=1387"},"modified":"2018-09-03T01:28:10","modified_gmt":"2018-09-03T01:28:10","slug":"cham-soc-da-tai-nha","status":"publish","type":"page","link":"https:\/\/leather-pro.com\/vi\/cham-soc-da-tai-nha\/","title":{"rendered":"Leather Furniture_Vietnam"},"content":{"rendered":"<div id=\"cs-content\" class=\"cs-content\"><\/div>\n","protected":false},"excerpt":{"rendered":"<p>Sofa da l\u00e0m s\u1ea1ch v\u00e0 b\u1ea3o tr\u00ec Tr\u1ebb em, v\u1eadt nu\u00f4i ch\u1ea1y xung quanh, da sofa l\u00e0 b\u1ecb x\u1ec9n, n\u1ee9t, b\u1ea9n? Leather Pro \uff5cC\u00e1c chuy\u00ean gia ch\u0103m s\u00f3c da c\u00f3 th\u1ec3 gi\u00fap b\u1ea1n gi\u1ea3i quy\u1ebft nh\u1eefng v\u1ea5n \u0111\u1ec1 kh\u00f3 ch\u1ecbu n\u00e0y\uff01 Chuy\u00ean gia ch\u0103m s\u00f3c da \u0110O\u1ea0N PHIM 1_kem l\u00e0m s\u1ea1ch v\u00e0 b\u1ea3o tr\u00ec dahi\u1ec7u qu\u1ea3 sau khi s\u1eed d\u1ee5ng &#8230; <\/p>\n<div><a href=\"https:\/\/leather-pro.com\/vi\/%e5%a6%82%e4%bd%95%e5%b9%b3%e6%99%82%e4%bf%9d%e9%a4%8a%e6%b2%99%e7%99%bc-vn\/\" class=\"more-link\">Read More<\/a><\/div>\n","protected":false},"author":3,"featured_media":0,"parent":0,"menu_order":0,"comment_status":"closed","ping_status":"closed","template":"template-blank-4.php","meta":{"footnotes":""},"class_list":["post-1387","page","type-page","status-publish","hentry","no-post-thumbnail"],"yoast_head":"<!-- This site is optimized with the Yoast SEO plugin v26.5 - https:\/\/yoast.com\/wordpress\/plugins\/seo\/ -->\n<title>Leather Pro\u76ae\u9769\u4fdd\u990a\u5c08\u5bb6\uff5c\u5c45\u5bb6\u76ae\u9769\u4fdd\u990a<\/title>\n<meta name=\"description\" content=\"\u5c45\u5bb6\u76ae\u9769\u4fdd\u990a\uff0c\u6c99\u767c\u76ae\u9769\u6697\u6c89\u3001\u9f9c\u88c2\u3001\u9ad2\u6c59\u4e0d\u582a\uff1fLeather Pro\u76ae\u9769\u4fdd\u990a\u5c08\u5bb6\uff0c\u5404\u5f0f\u5c45\u5bb6\u76ae\u9769\u4fdd\u990a\u4e73\u5e6b\u60a8\u89e3\u6c7a\u9019\u4e9b\u60f1\u4eba\u554f\u984c\uff01\" \/>\n<meta name=\"robots\" content=\"index, follow, max-snippet:-1, max-image-preview:large, max-video-preview:-1\" \/>\n<link rel=\"canonical\" href=\"https:\/\/leather-pro.com\/vi\/cham-soc-da-tai-nha\/\" \/>\n<meta property=\"og:locale\" content=\"vi_VN\" \/>\n<meta property=\"og:type\" content=\"article\" \/>\n<meta property=\"og:title\" content=\"Leather Pro\u76ae\u9769\u4fdd\u990a\u5c08\u5bb6\uff5c\u5c45\u5bb6\u76ae\u9769\u4fdd\u990a\" \/>\n<meta property=\"og:description\" content=\"\u5c45\u5bb6\u76ae\u9769\u4fdd\u990a\uff0c\u6c99\u767c\u76ae\u9769\u6697\u6c89\u3001\u9f9c\u88c2\u3001\u9ad2\u6c59\u4e0d\u582a\uff1fLeather Pro\u76ae\u9769\u4fdd\u990a\u5c08\u5bb6\uff0c\u5404\u5f0f\u5c45\u5bb6\u76ae\u9769\u4fdd\u990a\u4e73\u5e6b\u60a8\u89e3\u6c7a\u9019\u4e9b\u60f1\u4eba\u554f\u984c\uff01\" \/>\n<meta property=\"og:url\" content=\"https:\/\/leather-pro.com\/vi\/cham-soc-da-tai-nha\/\" \/>\n<meta property=\"og:site_name\" content=\"leather-pro.com\" \/>\n<meta name=\"twitter:card\" content=\"summary_large_image\" \/>\n<meta name=\"twitter:label1\" content=\"Est. reading time\" \/>\n\t<meta name=\"twitter:data1\" content=\"6 minutes\" \/>\n<script type=\"application\/ld+json\" class=\"yoast-schema-graph\">{\"@context\":\"https:\/\/schema.org\",\"@graph\":[{\"@type\":\"WebPage\",\"@id\":\"https:\/\/leather-pro.com\/vi\/cham-soc-da-tai-nha\/\",\"url\":\"https:\/\/leather-pro.com\/vi\/cham-soc-da-tai-nha\/\",\"name\":\"Leather Pro\u76ae\u9769\u4fdd\u990a\u5c08\u5bb6\uff5c\u5c45\u5bb6\u76ae\u9769\u4fdd\u990a\",\"isPartOf\":{\"@id\":\"https:\/\/leather-pro.com\/#website\"},\"datePublished\":\"2018-09-03T01:28:10+00:00\",\"description\":\"\u5c45\u5bb6\u76ae\u9769\u4fdd\u990a\uff0c\u6c99\u767c\u76ae\u9769\u6697\u6c89\u3001\u9f9c\u88c2\u3001\u9ad2\u6c59\u4e0d\u582a\uff1fLeather Pro\u76ae\u9769\u4fdd\u990a\u5c08\u5bb6\uff0c\u5404\u5f0f\u5c45\u5bb6\u76ae\u9769\u4fdd\u990a\u4e73\u5e6b\u60a8\u89e3\u6c7a\u9019\u4e9b\u60f1\u4eba\u554f\u984c\uff01\",\"breadcrumb\":{\"@id\":\"https:\/\/leather-pro.com\/vi\/cham-soc-da-tai-nha\/#breadcrumb\"},\"inLanguage\":\"vi-VN\",\"potentialAction\":[{\"@type\":\"ReadAction\",\"target\":[\"https:\/\/leather-pro.com\/vi\/cham-soc-da-tai-nha\/\"]}]},{\"@type\":\"BreadcrumbList\",\"@id\":\"https:\/\/leather-pro.com\/vi\/cham-soc-da-tai-nha\/#breadcrumb\",\"itemListElement\":[{\"@type\":\"ListItem\",\"position\":1,\"name\":\"Home\",\"item\":\"https:\/\/leather-pro.com\/vi\/\"},{\"@type\":\"ListItem\",\"position\":2,\"name\":\"Leather Furniture_Vietnam\"}]},{\"@type\":\"WebSite\",\"@id\":\"https:\/\/leather-pro.com\/#website\",\"url\":\"https:\/\/leather-pro.com\/\",\"name\":\"leather-pro.com\",\"description\":\"Leather Care and Repair Experts\",\"potentialAction\":[{\"@type\":\"SearchAction\",\"target\":{\"@type\":\"EntryPoint\",\"urlTemplate\":\"https:\/\/leather-pro.com\/?s={search_term_string}\"},\"query-input\":{\"@type\":\"PropertyValueSpecification\",\"valueRequired\":true,\"valueName\":\"search_term_string\"}}],\"inLanguage\":\"vi-VN\"}]}<\/script>\n<!-- \/ Yoast SEO plugin. -->","yoast_head_json":{"title":"Leather Pro\u76ae\u9769\u4fdd\u990a\u5c08\u5bb6\uff5c\u5c45\u5bb6\u76ae\u9769\u4fdd\u990a","description":"\u5c45\u5bb6\u76ae\u9769\u4fdd\u990a\uff0c\u6c99\u767c\u76ae\u9769\u6697\u6c89\u3001\u9f9c\u88c2\u3001\u9ad2\u6c59\u4e0d\u582a\uff1fLeather Pro\u76ae\u9769\u4fdd\u990a\u5c08\u5bb6\uff0c\u5404\u5f0f\u5c45\u5bb6\u76ae\u9769\u4fdd\u990a\u4e73\u5e6b\u60a8\u89e3\u6c7a\u9019\u4e9b\u60f1\u4eba\u554f\u984c\uff01","robots":{"index":"index","follow":"follow","max-snippet":"max-snippet:-1","max-image-preview":"max-image-preview:large","max-video-preview":"max-video-preview:-1"},"canonical":"https:\/\/leather-pro.com\/vi\/cham-soc-da-tai-nha\/","og_locale":"vi_VN","og_type":"article","og_title":"Leather Pro\u76ae\u9769\u4fdd\u990a\u5c08\u5bb6\uff5c\u5c45\u5bb6\u76ae\u9769\u4fdd\u990a","og_description":"\u5c45\u5bb6\u76ae\u9769\u4fdd\u990a\uff0c\u6c99\u767c\u76ae\u9769\u6697\u6c89\u3001\u9f9c\u88c2\u3001\u9ad2\u6c59\u4e0d\u582a\uff1fLeather Pro\u76ae\u9769\u4fdd\u990a\u5c08\u5bb6\uff0c\u5404\u5f0f\u5c45\u5bb6\u76ae\u9769\u4fdd\u990a\u4e73\u5e6b\u60a8\u89e3\u6c7a\u9019\u4e9b\u60f1\u4eba\u554f\u984c\uff01","og_url":"https:\/\/leather-pro.com\/vi\/cham-soc-da-tai-nha\/","og_site_name":"leather-pro.com","twitter_card":"summary_large_image","twitter_misc":{"Est. reading time":"6 minutes"},"schema":{"@context":"https:\/\/schema.org","@graph":[{"@type":"WebPage","@id":"https:\/\/leather-pro.com\/vi\/cham-soc-da-tai-nha\/","url":"https:\/\/leather-pro.com\/vi\/cham-soc-da-tai-nha\/","name":"Leather Pro\u76ae\u9769\u4fdd\u990a\u5c08\u5bb6\uff5c\u5c45\u5bb6\u76ae\u9769\u4fdd\u990a","isPartOf":{"@id":"https:\/\/leather-pro.com\/#website"},"datePublished":"2018-09-03T01:28:10+00:00","description":"\u5c45\u5bb6\u76ae\u9769\u4fdd\u990a\uff0c\u6c99\u767c\u76ae\u9769\u6697\u6c89\u3001\u9f9c\u88c2\u3001\u9ad2\u6c59\u4e0d\u582a\uff1fLeather Pro\u76ae\u9769\u4fdd\u990a\u5c08\u5bb6\uff0c\u5404\u5f0f\u5c45\u5bb6\u76ae\u9769\u4fdd\u990a\u4e73\u5e6b\u60a8\u89e3\u6c7a\u9019\u4e9b\u60f1\u4eba\u554f\u984c\uff01","breadcrumb":{"@id":"https:\/\/leather-pro.com\/vi\/cham-soc-da-tai-nha\/#breadcrumb"},"inLanguage":"vi-VN","potentialAction":[{"@type":"ReadAction","target":["https:\/\/leather-pro.com\/vi\/cham-soc-da-tai-nha\/"]}]},{"@type":"BreadcrumbList","@id":"https:\/\/leather-pro.com\/vi\/cham-soc-da-tai-nha\/#breadcrumb","itemListElement":[{"@type":"ListItem","position":1,"name":"Home","item":"https:\/\/leather-pro.com\/vi\/"},{"@type":"ListItem","position":2,"name":"Leather Furniture_Vietnam"}]},{"@type":"WebSite","@id":"https:\/\/leather-pro.com\/#website","url":"https:\/\/leather-pro.com\/","name":"leather-pro.com","description":"Leather Care and Repair Experts","potentialAction":[{"@type":"SearchAction","target":{"@type":"EntryPoint","urlTemplate":"https:\/\/leather-pro.com\/?s={search_term_string}"},"query-input":{"@type":"PropertyValueSpecification","valueRequired":true,"valueName":"search_term_string"}}],"inLanguage":"vi-VN"}]}},"_links":{"self":[{"href":"https:\/\/leather-pro.com\/vi\/wp-json\/wp\/v2\/pages\/1387","targetHints":{"allow":["GET"]}}],"collection":[{"href":"https:\/\/leather-pro.com\/vi\/wp-json\/wp\/v2\/pages"}],"about":[{"href":"https:\/\/leather-pro.com\/vi\/wp-json\/wp\/v2\/types\/page"}],"author":[{"embeddable":true,"href":"https:\/\/leather-pro.com\/vi\/wp-json\/wp\/v2\/users\/3"}],"replies":[{"embeddable":true,"href":"https:\/\/leather-pro.com\/vi\/wp-json\/wp\/v2\/comments?post=1387"}],"version-history":[{"count":0,"href":"https:\/\/leather-pro.com\/vi\/wp-json\/wp\/v2\/pages\/1387\/revisions"}],"wp:attachment":[{"href":"https:\/\/leather-pro.com\/vi\/wp-json\/wp\/v2\/media?parent=1387"}],"curies":[{"name":"wp","href":"https:\/\/api.w.org\/{rel}","templated":true}]}}