{"id":1378,"date":"2018-09-03T01:28:09","date_gmt":"2018-09-03T01:28:09","guid":{"rendered":"https:\/\/leather-pro.com\/?page_id=1378"},"modified":"2018-09-03T01:28:09","modified_gmt":"2018-09-03T01:28:09","slug":"lien-he-voi-chung-toi","status":"publish","type":"page","link":"https:\/\/leather-pro.com\/vi\/lien-he-voi-chung-toi\/","title":{"rendered":"Contact_vietnam"},"content":{"rendered":"<div id=\"cs-content\" class=\"cs-content\"><\/div>\n","protected":false},"excerpt":{"rendered":"<p>li\u00ean l\u1ea1c v\u1edbi ch\u00fang t\u00f4i Taiwan-TR\u1ea6N C\u1ea2NH X\u01af\u01a0NGS\u1ed0 255-27 \u0110\u01b0\u1eddng Fuya, Qu\u1eadn Xitun, Th\u00e0nh ph\u1ed1 \u0110\u00e0i Trung +886 4 2463 2990 lsc@mail.eneque.com.tw +86 135 8081 4652 jerry@mail.eneque.com.tw +84 28 6269 5618 +84 90 240 308H\u1ea2I PH\u00d2NG-L\u00dd SI\u00caU 13760040680@163.com +855 889 740 701<\/p>\n","protected":false},"author":3,"featured_media":0,"parent":0,"menu_order":0,"comment_status":"closed","ping_status":"closed","template":"template-blank-4.php","meta":{"footnotes":""},"class_list":["post-1378","page","type-page","status-publish","hentry","no-post-thumbnail"],"yoast_head":"<!-- This site is optimized with the Yoast SEO plugin v26.5 - https:\/\/yoast.com\/wordpress\/plugins\/seo\/ -->\n<title>Leather Pro\u76ae\u9769\u4fdd\u990a\u5c08\u5bb6\uff5c\u806f\u7d61\u6211\u5011<\/title>\n<meta name=\"description\" content=\"Leather Pro\u76ae\u9769\u4fdd\u990a\u5c08\u5bb6\uff5c\u6709\u4efb\u4f55\u76ae\u9769\u4fdd\u990a\u554f\u984c\u9700\u8981\u806f\u7d61\uff0c\u6b61\u8fce\u806f\u7d61\u4ee5\u4e0b\u96fb\u8a7104-24632990\uff0c\u6216\u67e5\u770b\u5176\u4ed6\u806f\u7d61\u65b9\u5f0f\u3002\" \/>\n<meta name=\"robots\" content=\"index, follow, max-snippet:-1, max-image-preview:large, max-video-preview:-1\" \/>\n<link rel=\"canonical\" href=\"https:\/\/leather-pro.com\/vi\/lien-he-voi-chung-toi\/\" \/>\n<meta property=\"og:locale\" content=\"vi_VN\" \/>\n<meta property=\"og:type\" content=\"article\" \/>\n<meta property=\"og:title\" content=\"Leather Pro\u76ae\u9769\u4fdd\u990a\u5c08\u5bb6\uff5c\u806f\u7d61\u6211\u5011\" \/>\n<meta property=\"og:description\" content=\"Leather Pro\u76ae\u9769\u4fdd\u990a\u5c08\u5bb6\uff5c\u6709\u4efb\u4f55\u76ae\u9769\u4fdd\u990a\u554f\u984c\u9700\u8981\u806f\u7d61\uff0c\u6b61\u8fce\u806f\u7d61\u4ee5\u4e0b\u96fb\u8a7104-24632990\uff0c\u6216\u67e5\u770b\u5176\u4ed6\u806f\u7d61\u65b9\u5f0f\u3002\" \/>\n<meta property=\"og:url\" content=\"https:\/\/leather-pro.com\/vi\/lien-he-voi-chung-toi\/\" \/>\n<meta property=\"og:site_name\" content=\"leather-pro.com\" \/>\n<meta property=\"og:image\" content=\"https:\/\/leather-pro.com\/wp-content\/uploads\/2018\/04\/mail_50.png\" \/>\n<meta name=\"twitter:card\" content=\"summary_large_image\" \/>\n<meta name=\"twitter:label1\" content=\"Est. reading time\" \/>\n\t<meta name=\"twitter:data1\" content=\"1 minute\" \/>\n<script type=\"application\/ld+json\" class=\"yoast-schema-graph\">{\"@context\":\"https:\/\/schema.org\",\"@graph\":[{\"@type\":\"WebPage\",\"@id\":\"https:\/\/leather-pro.com\/vi\/lien-he-voi-chung-toi\/\",\"url\":\"https:\/\/leather-pro.com\/vi\/lien-he-voi-chung-toi\/\",\"name\":\"Leather Pro\u76ae\u9769\u4fdd\u990a\u5c08\u5bb6\uff5c\u806f\u7d61\u6211\u5011\",\"isPartOf\":{\"@id\":\"https:\/\/leather-pro.com\/#website\"},\"datePublished\":\"2018-09-03T01:28:09+00:00\",\"description\":\"Leather Pro\u76ae\u9769\u4fdd\u990a\u5c08\u5bb6\uff5c\u6709\u4efb\u4f55\u76ae\u9769\u4fdd\u990a\u554f\u984c\u9700\u8981\u806f\u7d61\uff0c\u6b61\u8fce\u806f\u7d61\u4ee5\u4e0b\u96fb\u8a7104-24632990\uff0c\u6216\u67e5\u770b\u5176\u4ed6\u806f\u7d61\u65b9\u5f0f\u3002\",\"breadcrumb\":{\"@id\":\"https:\/\/leather-pro.com\/vi\/lien-he-voi-chung-toi\/#breadcrumb\"},\"inLanguage\":\"vi-VN\",\"potentialAction\":[{\"@type\":\"ReadAction\",\"target\":[\"https:\/\/leather-pro.com\/vi\/lien-he-voi-chung-toi\/\"]}]},{\"@type\":\"BreadcrumbList\",\"@id\":\"https:\/\/leather-pro.com\/vi\/lien-he-voi-chung-toi\/#breadcrumb\",\"itemListElement\":[{\"@type\":\"ListItem\",\"position\":1,\"name\":\"Home\",\"item\":\"https:\/\/leather-pro.com\/vi\/\"},{\"@type\":\"ListItem\",\"position\":2,\"name\":\"Contact_vietnam\"}]},{\"@type\":\"WebSite\",\"@id\":\"https:\/\/leather-pro.com\/#website\",\"url\":\"https:\/\/leather-pro.com\/\",\"name\":\"leather-pro.com\",\"description\":\"Leather Care and Repair Experts\",\"potentialAction\":[{\"@type\":\"SearchAction\",\"target\":{\"@type\":\"EntryPoint\",\"urlTemplate\":\"https:\/\/leather-pro.com\/?s={search_term_string}\"},\"query-input\":{\"@type\":\"PropertyValueSpecification\",\"valueRequired\":true,\"valueName\":\"search_term_string\"}}],\"inLanguage\":\"vi-VN\"}]}<\/script>\n<!-- \/ Yoast SEO plugin. -->","yoast_head_json":{"title":"Leather Pro\u76ae\u9769\u4fdd\u990a\u5c08\u5bb6\uff5c\u806f\u7d61\u6211\u5011","description":"Leather Pro\u76ae\u9769\u4fdd\u990a\u5c08\u5bb6\uff5c\u6709\u4efb\u4f55\u76ae\u9769\u4fdd\u990a\u554f\u984c\u9700\u8981\u806f\u7d61\uff0c\u6b61\u8fce\u806f\u7d61\u4ee5\u4e0b\u96fb\u8a7104-24632990\uff0c\u6216\u67e5\u770b\u5176\u4ed6\u806f\u7d61\u65b9\u5f0f\u3002","robots":{"index":"index","follow":"follow","max-snippet":"max-snippet:-1","max-image-preview":"max-image-preview:large","max-video-preview":"max-video-preview:-1"},"canonical":"https:\/\/leather-pro.com\/vi\/lien-he-voi-chung-toi\/","og_locale":"vi_VN","og_type":"article","og_title":"Leather Pro\u76ae\u9769\u4fdd\u990a\u5c08\u5bb6\uff5c\u806f\u7d61\u6211\u5011","og_description":"Leather Pro\u76ae\u9769\u4fdd\u990a\u5c08\u5bb6\uff5c\u6709\u4efb\u4f55\u76ae\u9769\u4fdd\u990a\u554f\u984c\u9700\u8981\u806f\u7d61\uff0c\u6b61\u8fce\u806f\u7d61\u4ee5\u4e0b\u96fb\u8a7104-24632990\uff0c\u6216\u67e5\u770b\u5176\u4ed6\u806f\u7d61\u65b9\u5f0f\u3002","og_url":"https:\/\/leather-pro.com\/vi\/lien-he-voi-chung-toi\/","og_site_name":"leather-pro.com","og_image":[{"url":"https:\/\/leather-pro.com\/wp-content\/uploads\/2018\/04\/mail_50.png","type":"","width":"","height":""}],"twitter_card":"summary_large_image","twitter_misc":{"Est. reading time":"1 minute"},"schema":{"@context":"https:\/\/schema.org","@graph":[{"@type":"WebPage","@id":"https:\/\/leather-pro.com\/vi\/lien-he-voi-chung-toi\/","url":"https:\/\/leather-pro.com\/vi\/lien-he-voi-chung-toi\/","name":"Leather Pro\u76ae\u9769\u4fdd\u990a\u5c08\u5bb6\uff5c\u806f\u7d61\u6211\u5011","isPartOf":{"@id":"https:\/\/leather-pro.com\/#website"},"datePublished":"2018-09-03T01:28:09+00:00","description":"Leather Pro\u76ae\u9769\u4fdd\u990a\u5c08\u5bb6\uff5c\u6709\u4efb\u4f55\u76ae\u9769\u4fdd\u990a\u554f\u984c\u9700\u8981\u806f\u7d61\uff0c\u6b61\u8fce\u806f\u7d61\u4ee5\u4e0b\u96fb\u8a7104-24632990\uff0c\u6216\u67e5\u770b\u5176\u4ed6\u806f\u7d61\u65b9\u5f0f\u3002","breadcrumb":{"@id":"https:\/\/leather-pro.com\/vi\/lien-he-voi-chung-toi\/#breadcrumb"},"inLanguage":"vi-VN","potentialAction":[{"@type":"ReadAction","target":["https:\/\/leather-pro.com\/vi\/lien-he-voi-chung-toi\/"]}]},{"@type":"BreadcrumbList","@id":"https:\/\/leather-pro.com\/vi\/lien-he-voi-chung-toi\/#breadcrumb","itemListElement":[{"@type":"ListItem","position":1,"name":"Home","item":"https:\/\/leather-pro.com\/vi\/"},{"@type":"ListItem","position":2,"name":"Contact_vietnam"}]},{"@type":"WebSite","@id":"https:\/\/leather-pro.com\/#website","url":"https:\/\/leather-pro.com\/","name":"leather-pro.com","description":"Leather Care and Repair Experts","potentialAction":[{"@type":"SearchAction","target":{"@type":"EntryPoint","urlTemplate":"https:\/\/leather-pro.com\/?s={search_term_string}"},"query-input":{"@type":"PropertyValueSpecification","valueRequired":true,"valueName":"search_term_string"}}],"inLanguage":"vi-VN"}]}},"_links":{"self":[{"href":"https:\/\/leather-pro.com\/vi\/wp-json\/wp\/v2\/pages\/1378","targetHints":{"allow":["GET"]}}],"collection":[{"href":"https:\/\/leather-pro.com\/vi\/wp-json\/wp\/v2\/pages"}],"about":[{"href":"https:\/\/leather-pro.com\/vi\/wp-json\/wp\/v2\/types\/page"}],"author":[{"embeddable":true,"href":"https:\/\/leather-pro.com\/vi\/wp-json\/wp\/v2\/users\/3"}],"replies":[{"embeddable":true,"href":"https:\/\/leather-pro.com\/vi\/wp-json\/wp\/v2\/comments?post=1378"}],"version-history":[{"count":0,"href":"https:\/\/leather-pro.com\/vi\/wp-json\/wp\/v2\/pages\/1378\/revisions"}],"wp:attachment":[{"href":"https:\/\/leather-pro.com\/vi\/wp-json\/wp\/v2\/media?parent=1378"}],"curies":[{"name":"wp","href":"https:\/\/api.w.org\/{rel}","templated":true}]}}