{"id":1374,"date":"2018-08-30T07:25:14","date_gmt":"2018-08-30T07:25:14","guid":{"rendered":"https:\/\/leather-pro.com\/?page_id=1374"},"modified":"2019-08-14T08:50:23","modified_gmt":"2019-08-14T08:50:23","slug":"leather-pro-home-page-vietnam","status":"publish","type":"page","link":"https:\/\/leather-pro.com\/vi\/","title":{"rendered":"Leather Pro home page vietnam"},"content":{"rendered":"<div id=\"cs-content\" class=\"cs-content\"><\/div>\n","protected":false},"excerpt":{"rendered":"<p>Chuy\u00ean gia ch\u0103m s\u00f3c da T\u1ea5t c\u1ea3 v\u1ea5n \u0111\u1ec1 v\u1ec1 ch\u0103m s\u00f3c v\u00e0 l\u00e0m s\u1ea1ch da\uff0c Ch\u00fang t\u00f4i c\u00f3 th\u1ec3 gi\u00fap b\u1ea1n gi\u1ea3i quy\u1ebft\uff01 Ch\u0103m s\u00f3c da chuy\u00ean nghi\u1ec7pS\u1ea3n ph\u1ea9m chuy\u00ean nghi\u1ec7p s\u1eed d\u1ee5ng s\u00e1p c\u1ecd ( Carnauba Wax ) C\u00e1c th\u00e0nh ph\u1ea7n t\u1ef1 nhi\u00ean nh\u01b0 Lanolin, S\u00e1p ong v\u00e0 d\u1ea7u th\u1ef1c v\u1eadt \u0111\u1ec3 l\u00e0m s\u1ea1ch, b\u1ea3o v\u1ec7 v\u00e0 ch\u0103m &#8230; <\/p>\n<div><a href=\"https:\/\/leather-pro.com\/vi\/\" class=\"more-link\">Read More<\/a><\/div>\n","protected":false},"author":3,"featured_media":0,"parent":0,"menu_order":0,"comment_status":"closed","ping_status":"open","template":"template-blank-4.php","meta":{"footnotes":""},"class_list":["post-1374","page","type-page","status-publish","hentry","no-post-thumbnail"],"yoast_head":"<!-- This site is optimized with the Yoast SEO plugin v26.5 - https:\/\/yoast.com\/wordpress\/plugins\/seo\/ -->\n<title>Leather Pro\u76ae\u9769\u4fdd\u990a\u5c08\u5bb6\uff5c\u5404\u5f0f\u5c08\u696d\u7d1a\u76ae\u9769\u4fdd\u990a\u4e73\u3001\u76ae\u9769\u589e\u4eae\u990a\u8b77\u4e73\uff01<\/title>\n<meta name=\"description\" content=\"Leather Pro\u76ae\u9769\u4fdd\u990a\u5c08\u5bb6\uff0c\u5404\u5f0f\u5c08\u696d\u7d1a\u7684\u76ae\u9769\u4fdd\u990a\u4e73\uff0c\u5e6b\u60a8\u53bb\u9664\u76ae\u9769\u4e0a\u7684\u9811\u56fa\u6c61\u6f2c\u3001\u6ecb\u6f64\u76ae\u9769\u53ca\u9084\u539f\u76ae\u9769\u72c0\u614b\u8207\u5ef6\u7de9\u76ae\u9769\u8001\u5316\u6548\u679c\uff0c\u7d66\u60a8\u5c08\u5bb6\u7d1a\u7684\u76ae\u9769\u4fdd\u990a\u6548\u679c\u3002\" \/>\n<meta name=\"robots\" content=\"index, follow, max-snippet:-1, max-image-preview:large, max-video-preview:-1\" \/>\n<link rel=\"canonical\" href=\"https:\/\/leather-pro.com\/vi\/\" \/>\n<meta property=\"og:locale\" content=\"vi_VN\" \/>\n<meta property=\"og:type\" content=\"article\" \/>\n<meta property=\"og:title\" content=\"Leather Pro\u76ae\u9769\u4fdd\u990a\u5c08\u5bb6\uff5c\u5404\u5f0f\u5c08\u696d\u7d1a\u76ae\u9769\u4fdd\u990a\u4e73\u3001\u76ae\u9769\u589e\u4eae\u990a\u8b77\u4e73\uff01\" \/>\n<meta property=\"og:description\" content=\"Leather Pro\u76ae\u9769\u4fdd\u990a\u5c08\u5bb6\uff0c\u5404\u5f0f\u5c08\u696d\u7d1a\u7684\u76ae\u9769\u4fdd\u990a\u4e73\uff0c\u5e6b\u60a8\u53bb\u9664\u76ae\u9769\u4e0a\u7684\u9811\u56fa\u6c61\u6f2c\u3001\u6ecb\u6f64\u76ae\u9769\u53ca\u9084\u539f\u76ae\u9769\u72c0\u614b\u8207\u5ef6\u7de9\u76ae\u9769\u8001\u5316\u6548\u679c\uff0c\u7d66\u60a8\u5c08\u5bb6\u7d1a\u7684\u76ae\u9769\u4fdd\u990a\u6548\u679c\u3002\" \/>\n<meta property=\"og:url\" content=\"https:\/\/leather-pro.com\/vi\/\" \/>\n<meta property=\"og:site_name\" content=\"leather-pro.com\" \/>\n<meta property=\"article:modified_time\" content=\"2019-08-14T08:50:23+00:00\" \/>\n<meta property=\"og:image\" content=\"https:\/\/leather-pro.com\/wp-content\/uploads\/2019\/08\/home_application_100.jpg\" \/>\n<meta name=\"twitter:card\" content=\"summary_large_image\" \/>\n<meta name=\"twitter:label1\" content=\"Est. reading time\" \/>\n\t<meta name=\"twitter:data1\" content=\"5 minutes\" \/>\n<script type=\"application\/ld+json\" class=\"yoast-schema-graph\">{\"@context\":\"https:\/\/schema.org\",\"@graph\":[{\"@type\":\"WebPage\",\"@id\":\"https:\/\/leather-pro.com\/vi\/\",\"url\":\"https:\/\/leather-pro.com\/vi\/\",\"name\":\"Leather Pro\u76ae\u9769\u4fdd\u990a\u5c08\u5bb6\uff5c\u5404\u5f0f\u5c08\u696d\u7d1a\u76ae\u9769\u4fdd\u990a\u4e73\u3001\u76ae\u9769\u589e\u4eae\u990a\u8b77\u4e73\uff01\",\"isPartOf\":{\"@id\":\"https:\/\/leather-pro.com\/#website\"},\"primaryImageOfPage\":{\"@id\":\"https:\/\/leather-pro.com\/vi\/#primaryimage\"},\"image\":{\"@id\":\"https:\/\/leather-pro.com\/vi\/#primaryimage\"},\"thumbnailUrl\":\"https:\/\/leather-pro.com\/wp-content\/uploads\/2019\/08\/home_application_100.jpg\",\"datePublished\":\"2018-08-30T07:25:14+00:00\",\"dateModified\":\"2019-08-14T08:50:23+00:00\",\"description\":\"Leather Pro\u76ae\u9769\u4fdd\u990a\u5c08\u5bb6\uff0c\u5404\u5f0f\u5c08\u696d\u7d1a\u7684\u76ae\u9769\u4fdd\u990a\u4e73\uff0c\u5e6b\u60a8\u53bb\u9664\u76ae\u9769\u4e0a\u7684\u9811\u56fa\u6c61\u6f2c\u3001\u6ecb\u6f64\u76ae\u9769\u53ca\u9084\u539f\u76ae\u9769\u72c0\u614b\u8207\u5ef6\u7de9\u76ae\u9769\u8001\u5316\u6548\u679c\uff0c\u7d66\u60a8\u5c08\u5bb6\u7d1a\u7684\u76ae\u9769\u4fdd\u990a\u6548\u679c\u3002\",\"breadcrumb\":{\"@id\":\"https:\/\/leather-pro.com\/vi\/#breadcrumb\"},\"inLanguage\":\"vi-VN\",\"potentialAction\":[{\"@type\":\"ReadAction\",\"target\":[\"https:\/\/leather-pro.com\/vi\/\"]}]},{\"@type\":\"ImageObject\",\"inLanguage\":\"vi-VN\",\"@id\":\"https:\/\/leather-pro.com\/vi\/#primaryimage\",\"url\":\"https:\/\/leather-pro.com\/wp-content\/uploads\/2019\/08\/home_application_100.jpg\",\"contentUrl\":\"https:\/\/leather-pro.com\/wp-content\/uploads\/2019\/08\/home_application_100.jpg\"},{\"@type\":\"BreadcrumbList\",\"@id\":\"https:\/\/leather-pro.com\/vi\/#breadcrumb\",\"itemListElement\":[{\"@type\":\"ListItem\",\"position\":1,\"name\":\"Home\",\"item\":\"https:\/\/leather-pro.com\/vi\/\"},{\"@type\":\"ListItem\",\"position\":2,\"name\":\"Leather Pro home page vietnam\"}]},{\"@type\":\"WebSite\",\"@id\":\"https:\/\/leather-pro.com\/#website\",\"url\":\"https:\/\/leather-pro.com\/\",\"name\":\"leather-pro.com\",\"description\":\"Leather Care and Repair Experts\",\"potentialAction\":[{\"@type\":\"SearchAction\",\"target\":{\"@type\":\"EntryPoint\",\"urlTemplate\":\"https:\/\/leather-pro.com\/?s={search_term_string}\"},\"query-input\":{\"@type\":\"PropertyValueSpecification\",\"valueRequired\":true,\"valueName\":\"search_term_string\"}}],\"inLanguage\":\"vi-VN\"}]}<\/script>\n<!-- \/ Yoast SEO plugin. -->","yoast_head_json":{"title":"Leather Pro\u76ae\u9769\u4fdd\u990a\u5c08\u5bb6\uff5c\u5404\u5f0f\u5c08\u696d\u7d1a\u76ae\u9769\u4fdd\u990a\u4e73\u3001\u76ae\u9769\u589e\u4eae\u990a\u8b77\u4e73\uff01","description":"Leather Pro\u76ae\u9769\u4fdd\u990a\u5c08\u5bb6\uff0c\u5404\u5f0f\u5c08\u696d\u7d1a\u7684\u76ae\u9769\u4fdd\u990a\u4e73\uff0c\u5e6b\u60a8\u53bb\u9664\u76ae\u9769\u4e0a\u7684\u9811\u56fa\u6c61\u6f2c\u3001\u6ecb\u6f64\u76ae\u9769\u53ca\u9084\u539f\u76ae\u9769\u72c0\u614b\u8207\u5ef6\u7de9\u76ae\u9769\u8001\u5316\u6548\u679c\uff0c\u7d66\u60a8\u5c08\u5bb6\u7d1a\u7684\u76ae\u9769\u4fdd\u990a\u6548\u679c\u3002","robots":{"index":"index","follow":"follow","max-snippet":"max-snippet:-1","max-image-preview":"max-image-preview:large","max-video-preview":"max-video-preview:-1"},"canonical":"https:\/\/leather-pro.com\/vi\/","og_locale":"vi_VN","og_type":"article","og_title":"Leather Pro\u76ae\u9769\u4fdd\u990a\u5c08\u5bb6\uff5c\u5404\u5f0f\u5c08\u696d\u7d1a\u76ae\u9769\u4fdd\u990a\u4e73\u3001\u76ae\u9769\u589e\u4eae\u990a\u8b77\u4e73\uff01","og_description":"Leather Pro\u76ae\u9769\u4fdd\u990a\u5c08\u5bb6\uff0c\u5404\u5f0f\u5c08\u696d\u7d1a\u7684\u76ae\u9769\u4fdd\u990a\u4e73\uff0c\u5e6b\u60a8\u53bb\u9664\u76ae\u9769\u4e0a\u7684\u9811\u56fa\u6c61\u6f2c\u3001\u6ecb\u6f64\u76ae\u9769\u53ca\u9084\u539f\u76ae\u9769\u72c0\u614b\u8207\u5ef6\u7de9\u76ae\u9769\u8001\u5316\u6548\u679c\uff0c\u7d66\u60a8\u5c08\u5bb6\u7d1a\u7684\u76ae\u9769\u4fdd\u990a\u6548\u679c\u3002","og_url":"https:\/\/leather-pro.com\/vi\/","og_site_name":"leather-pro.com","article_modified_time":"2019-08-14T08:50:23+00:00","og_image":[{"url":"https:\/\/leather-pro.com\/wp-content\/uploads\/2019\/08\/home_application_100.jpg","type":"","width":"","height":""}],"twitter_card":"summary_large_image","twitter_misc":{"Est. reading time":"5 minutes"},"schema":{"@context":"https:\/\/schema.org","@graph":[{"@type":"WebPage","@id":"https:\/\/leather-pro.com\/vi\/","url":"https:\/\/leather-pro.com\/vi\/","name":"Leather Pro\u76ae\u9769\u4fdd\u990a\u5c08\u5bb6\uff5c\u5404\u5f0f\u5c08\u696d\u7d1a\u76ae\u9769\u4fdd\u990a\u4e73\u3001\u76ae\u9769\u589e\u4eae\u990a\u8b77\u4e73\uff01","isPartOf":{"@id":"https:\/\/leather-pro.com\/#website"},"primaryImageOfPage":{"@id":"https:\/\/leather-pro.com\/vi\/#primaryimage"},"image":{"@id":"https:\/\/leather-pro.com\/vi\/#primaryimage"},"thumbnailUrl":"https:\/\/leather-pro.com\/wp-content\/uploads\/2019\/08\/home_application_100.jpg","datePublished":"2018-08-30T07:25:14+00:00","dateModified":"2019-08-14T08:50:23+00:00","description":"Leather Pro\u76ae\u9769\u4fdd\u990a\u5c08\u5bb6\uff0c\u5404\u5f0f\u5c08\u696d\u7d1a\u7684\u76ae\u9769\u4fdd\u990a\u4e73\uff0c\u5e6b\u60a8\u53bb\u9664\u76ae\u9769\u4e0a\u7684\u9811\u56fa\u6c61\u6f2c\u3001\u6ecb\u6f64\u76ae\u9769\u53ca\u9084\u539f\u76ae\u9769\u72c0\u614b\u8207\u5ef6\u7de9\u76ae\u9769\u8001\u5316\u6548\u679c\uff0c\u7d66\u60a8\u5c08\u5bb6\u7d1a\u7684\u76ae\u9769\u4fdd\u990a\u6548\u679c\u3002","breadcrumb":{"@id":"https:\/\/leather-pro.com\/vi\/#breadcrumb"},"inLanguage":"vi-VN","potentialAction":[{"@type":"ReadAction","target":["https:\/\/leather-pro.com\/vi\/"]}]},{"@type":"ImageObject","inLanguage":"vi-VN","@id":"https:\/\/leather-pro.com\/vi\/#primaryimage","url":"https:\/\/leather-pro.com\/wp-content\/uploads\/2019\/08\/home_application_100.jpg","contentUrl":"https:\/\/leather-pro.com\/wp-content\/uploads\/2019\/08\/home_application_100.jpg"},{"@type":"BreadcrumbList","@id":"https:\/\/leather-pro.com\/vi\/#breadcrumb","itemListElement":[{"@type":"ListItem","position":1,"name":"Home","item":"https:\/\/leather-pro.com\/vi\/"},{"@type":"ListItem","position":2,"name":"Leather Pro home page vietnam"}]},{"@type":"WebSite","@id":"https:\/\/leather-pro.com\/#website","url":"https:\/\/leather-pro.com\/","name":"leather-pro.com","description":"Leather Care and Repair Experts","potentialAction":[{"@type":"SearchAction","target":{"@type":"EntryPoint","urlTemplate":"https:\/\/leather-pro.com\/?s={search_term_string}"},"query-input":{"@type":"PropertyValueSpecification","valueRequired":true,"valueName":"search_term_string"}}],"inLanguage":"vi-VN"}]}},"_links":{"self":[{"href":"https:\/\/leather-pro.com\/vi\/wp-json\/wp\/v2\/pages\/1374","targetHints":{"allow":["GET"]}}],"collection":[{"href":"https:\/\/leather-pro.com\/vi\/wp-json\/wp\/v2\/pages"}],"about":[{"href":"https:\/\/leather-pro.com\/vi\/wp-json\/wp\/v2\/types\/page"}],"author":[{"embeddable":true,"href":"https:\/\/leather-pro.com\/vi\/wp-json\/wp\/v2\/users\/3"}],"replies":[{"embeddable":true,"href":"https:\/\/leather-pro.com\/vi\/wp-json\/wp\/v2\/comments?post=1374"}],"version-history":[{"count":0,"href":"https:\/\/leather-pro.com\/vi\/wp-json\/wp\/v2\/pages\/1374\/revisions"}],"wp:attachment":[{"href":"https:\/\/leather-pro.com\/vi\/wp-json\/wp\/v2\/media?parent=1374"}],"curies":[{"name":"wp","href":"https:\/\/api.w.org\/{rel}","templated":true}]}}