{"id":1370,"date":"2018-09-03T01:28:08","date_gmt":"2018-09-03T01:28:08","guid":{"rendered":"https:\/\/leather-pro.com\/?page_id=1370"},"modified":"2018-09-03T01:28:08","modified_gmt":"2018-09-03T01:28:08","slug":"ve-chung-toi","status":"publish","type":"page","link":"https:\/\/leather-pro.com\/vi\/ve-chung-toi\/","title":{"rendered":"About_Vietnam"},"content":{"rendered":"<div id=\"cs-content\" class=\"cs-content\"><\/div>\n","protected":false},"excerpt":{"rendered":"<p>Gi\u1edbi thi\u1ec7u v\u1ec1 Da Pro Tr\u00ean \u0111\u01b0\u1eddng \u0111i, Leather Pro kh\u1eb3ng \u0111\u1ecbnh mang l\u1ea1i cho kh\u00e1ch h\u00e0ng ch\u1ea5t l\u01b0\u1ee3ng t\u1ed1t nh\u1ea5t, s\u1ee9c kh\u1ecfe v\u00e0 b\u1ea3o v\u1ec7 m\u00f4i tr\u01b0\u1eddng m\u00e0 ch\u00fang t\u00f4i \u0111\u00e1nh gi\u00e1 cao. C\u00f4ng ty H\u1ed3ng B\u1ea3o, \u0111\u01b0\u1ee3c th\u00e0nh l\u1eadp n\u0103m 1995, \u0111\u01b0\u1ee3c th\u00e0nh l\u1eadp v\u00e0o nh\u1eefng ng\u00e0y \u0111\u1ea7u c\u1ee7a H\u1ed3ng B\u1ea3o Trading Co., Ltd., v\u00e0 l\u00e0 m\u1ed9t c\u00f4ng &#8230; <\/p>\n<div><a href=\"https:\/\/leather-pro.com\/vi\/ve-chung-toi\/\" class=\"more-link\">Read More<\/a><\/div>\n","protected":false},"author":3,"featured_media":0,"parent":0,"menu_order":0,"comment_status":"closed","ping_status":"closed","template":"template-blank-4.php","meta":{"footnotes":""},"class_list":["post-1370","page","type-page","status-publish","hentry","no-post-thumbnail"],"yoast_head":"<!-- This site is optimized with the Yoast SEO plugin v26.5 - https:\/\/yoast.com\/wordpress\/plugins\/seo\/ -->\n<title>Leather Pro\u76ae\u9769\u4fdd\u990a\u5c08\u5bb6\uff5c\u95dc\u65bc\u6211\u5011<\/title>\n<meta name=\"description\" content=\"\u300c\u5f18\u4fdd\u4f01\u696d\u516c\u53f8\u300d\uff0c\u8349\u5275\u65bc\u897f\u51431995\u5e74\uff0c\u5275\u7acb\u4e4b\u521d\u4ee5\u5f18\u4fdd\u8cbf\u6613\u6709\u9650\u516c\u53f8\u547d\u540d\uff0c\u5728\u53f0\u7063\u978b\u696d\u767c\u5c55\u4e2d\u70ba\u4e00\u6df1\u5177\u6b77\u53f2\u53ca\u4fe1\u8b7d\u5353\u8457\u4e4b\u516c\u53f8\u3002\u516c\u53f8\u5275\u7acb\u4ee5\u4f86\uff0c\u7d93\u71df\u7ba1\u7406\u5728\u7a69\u5b9a\u4e2d\u4e0d\u65b7\u6210\u9577\uff0c\u5728\u8463\u4e8b\u9577\u5b8b\u58eb\u5b8f\u5148\u751f\u3001\u7e3d\u7d93\u7406\u9673\u666f\u660c\u5148\u751f\u5e36\u9818\u4e0b\uff0c\u79c9\u6301\u8457\u8ffd\u6c42\u5ba2\u6236\u7684\u6eff\u610f\uff0c\u8ffd\u6c42\u8212\u9069\u7684\u751f\u6d3b\uff0c\u8ffd\u6c42\u9577\u4e45\u7684\u751f\u5b58\u7684\u7d93\u71df\u7406\u5ff5\uff0c\u4e26\u57f9\u8a13\u4e86\u7121\u6578\u7684\u978b\u696d\u4eba\u624d\uff0c\u5c0d\u978b\u696d\u754c\u6709\u8457\u4e0d\u53ef\u62b9\u6ec5\u4e4b\u8ca2\u737b\u3002\" \/>\n<meta name=\"robots\" content=\"index, follow, max-snippet:-1, max-image-preview:large, max-video-preview:-1\" \/>\n<link rel=\"canonical\" href=\"https:\/\/leather-pro.com\/vi\/ve-chung-toi\/\" \/>\n<meta property=\"og:locale\" content=\"vi_VN\" \/>\n<meta property=\"og:type\" content=\"article\" \/>\n<meta property=\"og:title\" content=\"Leather Pro\u76ae\u9769\u4fdd\u990a\u5c08\u5bb6\uff5c\u95dc\u65bc\u6211\u5011\" \/>\n<meta property=\"og:description\" content=\"\u300c\u5f18\u4fdd\u4f01\u696d\u516c\u53f8\u300d\uff0c\u8349\u5275\u65bc\u897f\u51431995\u5e74\uff0c\u5275\u7acb\u4e4b\u521d\u4ee5\u5f18\u4fdd\u8cbf\u6613\u6709\u9650\u516c\u53f8\u547d\u540d\uff0c\u5728\u53f0\u7063\u978b\u696d\u767c\u5c55\u4e2d\u70ba\u4e00\u6df1\u5177\u6b77\u53f2\u53ca\u4fe1\u8b7d\u5353\u8457\u4e4b\u516c\u53f8\u3002\u516c\u53f8\u5275\u7acb\u4ee5\u4f86\uff0c\u7d93\u71df\u7ba1\u7406\u5728\u7a69\u5b9a\u4e2d\u4e0d\u65b7\u6210\u9577\uff0c\u5728\u8463\u4e8b\u9577\u5b8b\u58eb\u5b8f\u5148\u751f\u3001\u7e3d\u7d93\u7406\u9673\u666f\u660c\u5148\u751f\u5e36\u9818\u4e0b\uff0c\u79c9\u6301\u8457\u8ffd\u6c42\u5ba2\u6236\u7684\u6eff\u610f\uff0c\u8ffd\u6c42\u8212\u9069\u7684\u751f\u6d3b\uff0c\u8ffd\u6c42\u9577\u4e45\u7684\u751f\u5b58\u7684\u7d93\u71df\u7406\u5ff5\uff0c\u4e26\u57f9\u8a13\u4e86\u7121\u6578\u7684\u978b\u696d\u4eba\u624d\uff0c\u5c0d\u978b\u696d\u754c\u6709\u8457\u4e0d\u53ef\u62b9\u6ec5\u4e4b\u8ca2\u737b\u3002\" \/>\n<meta property=\"og:url\" content=\"https:\/\/leather-pro.com\/vi\/ve-chung-toi\/\" \/>\n<meta property=\"og:site_name\" content=\"leather-pro.com\" \/>\n<meta name=\"twitter:card\" content=\"summary_large_image\" \/>\n<meta name=\"twitter:label1\" content=\"Est. reading time\" \/>\n\t<meta name=\"twitter:data1\" content=\"5 minutes\" \/>\n<script type=\"application\/ld+json\" class=\"yoast-schema-graph\">{\"@context\":\"https:\/\/schema.org\",\"@graph\":[{\"@type\":\"WebPage\",\"@id\":\"https:\/\/leather-pro.com\/vi\/ve-chung-toi\/\",\"url\":\"https:\/\/leather-pro.com\/vi\/ve-chung-toi\/\",\"name\":\"Leather Pro\u76ae\u9769\u4fdd\u990a\u5c08\u5bb6\uff5c\u95dc\u65bc\u6211\u5011\",\"isPartOf\":{\"@id\":\"https:\/\/leather-pro.com\/#website\"},\"datePublished\":\"2018-09-03T01:28:08+00:00\",\"description\":\"\u300c\u5f18\u4fdd\u4f01\u696d\u516c\u53f8\u300d\uff0c\u8349\u5275\u65bc\u897f\u51431995\u5e74\uff0c\u5275\u7acb\u4e4b\u521d\u4ee5\u5f18\u4fdd\u8cbf\u6613\u6709\u9650\u516c\u53f8\u547d\u540d\uff0c\u5728\u53f0\u7063\u978b\u696d\u767c\u5c55\u4e2d\u70ba\u4e00\u6df1\u5177\u6b77\u53f2\u53ca\u4fe1\u8b7d\u5353\u8457\u4e4b\u516c\u53f8\u3002\u516c\u53f8\u5275\u7acb\u4ee5\u4f86\uff0c\u7d93\u71df\u7ba1\u7406\u5728\u7a69\u5b9a\u4e2d\u4e0d\u65b7\u6210\u9577\uff0c\u5728\u8463\u4e8b\u9577\u5b8b\u58eb\u5b8f\u5148\u751f\u3001\u7e3d\u7d93\u7406\u9673\u666f\u660c\u5148\u751f\u5e36\u9818\u4e0b\uff0c\u79c9\u6301\u8457\u8ffd\u6c42\u5ba2\u6236\u7684\u6eff\u610f\uff0c\u8ffd\u6c42\u8212\u9069\u7684\u751f\u6d3b\uff0c\u8ffd\u6c42\u9577\u4e45\u7684\u751f\u5b58\u7684\u7d93\u71df\u7406\u5ff5\uff0c\u4e26\u57f9\u8a13\u4e86\u7121\u6578\u7684\u978b\u696d\u4eba\u624d\uff0c\u5c0d\u978b\u696d\u754c\u6709\u8457\u4e0d\u53ef\u62b9\u6ec5\u4e4b\u8ca2\u737b\u3002\",\"breadcrumb\":{\"@id\":\"https:\/\/leather-pro.com\/vi\/ve-chung-toi\/#breadcrumb\"},\"inLanguage\":\"vi-VN\",\"potentialAction\":[{\"@type\":\"ReadAction\",\"target\":[\"https:\/\/leather-pro.com\/vi\/ve-chung-toi\/\"]}]},{\"@type\":\"BreadcrumbList\",\"@id\":\"https:\/\/leather-pro.com\/vi\/ve-chung-toi\/#breadcrumb\",\"itemListElement\":[{\"@type\":\"ListItem\",\"position\":1,\"name\":\"Home\",\"item\":\"https:\/\/leather-pro.com\/vi\/\"},{\"@type\":\"ListItem\",\"position\":2,\"name\":\"About_Vietnam\"}]},{\"@type\":\"WebSite\",\"@id\":\"https:\/\/leather-pro.com\/#website\",\"url\":\"https:\/\/leather-pro.com\/\",\"name\":\"leather-pro.com\",\"description\":\"Leather Care and Repair Experts\",\"potentialAction\":[{\"@type\":\"SearchAction\",\"target\":{\"@type\":\"EntryPoint\",\"urlTemplate\":\"https:\/\/leather-pro.com\/?s={search_term_string}\"},\"query-input\":{\"@type\":\"PropertyValueSpecification\",\"valueRequired\":true,\"valueName\":\"search_term_string\"}}],\"inLanguage\":\"vi-VN\"}]}<\/script>\n<!-- \/ Yoast SEO plugin. -->","yoast_head_json":{"title":"Leather Pro\u76ae\u9769\u4fdd\u990a\u5c08\u5bb6\uff5c\u95dc\u65bc\u6211\u5011","description":"\u300c\u5f18\u4fdd\u4f01\u696d\u516c\u53f8\u300d\uff0c\u8349\u5275\u65bc\u897f\u51431995\u5e74\uff0c\u5275\u7acb\u4e4b\u521d\u4ee5\u5f18\u4fdd\u8cbf\u6613\u6709\u9650\u516c\u53f8\u547d\u540d\uff0c\u5728\u53f0\u7063\u978b\u696d\u767c\u5c55\u4e2d\u70ba\u4e00\u6df1\u5177\u6b77\u53f2\u53ca\u4fe1\u8b7d\u5353\u8457\u4e4b\u516c\u53f8\u3002\u516c\u53f8\u5275\u7acb\u4ee5\u4f86\uff0c\u7d93\u71df\u7ba1\u7406\u5728\u7a69\u5b9a\u4e2d\u4e0d\u65b7\u6210\u9577\uff0c\u5728\u8463\u4e8b\u9577\u5b8b\u58eb\u5b8f\u5148\u751f\u3001\u7e3d\u7d93\u7406\u9673\u666f\u660c\u5148\u751f\u5e36\u9818\u4e0b\uff0c\u79c9\u6301\u8457\u8ffd\u6c42\u5ba2\u6236\u7684\u6eff\u610f\uff0c\u8ffd\u6c42\u8212\u9069\u7684\u751f\u6d3b\uff0c\u8ffd\u6c42\u9577\u4e45\u7684\u751f\u5b58\u7684\u7d93\u71df\u7406\u5ff5\uff0c\u4e26\u57f9\u8a13\u4e86\u7121\u6578\u7684\u978b\u696d\u4eba\u624d\uff0c\u5c0d\u978b\u696d\u754c\u6709\u8457\u4e0d\u53ef\u62b9\u6ec5\u4e4b\u8ca2\u737b\u3002","robots":{"index":"index","follow":"follow","max-snippet":"max-snippet:-1","max-image-preview":"max-image-preview:large","max-video-preview":"max-video-preview:-1"},"canonical":"https:\/\/leather-pro.com\/vi\/ve-chung-toi\/","og_locale":"vi_VN","og_type":"article","og_title":"Leather Pro\u76ae\u9769\u4fdd\u990a\u5c08\u5bb6\uff5c\u95dc\u65bc\u6211\u5011","og_description":"\u300c\u5f18\u4fdd\u4f01\u696d\u516c\u53f8\u300d\uff0c\u8349\u5275\u65bc\u897f\u51431995\u5e74\uff0c\u5275\u7acb\u4e4b\u521d\u4ee5\u5f18\u4fdd\u8cbf\u6613\u6709\u9650\u516c\u53f8\u547d\u540d\uff0c\u5728\u53f0\u7063\u978b\u696d\u767c\u5c55\u4e2d\u70ba\u4e00\u6df1\u5177\u6b77\u53f2\u53ca\u4fe1\u8b7d\u5353\u8457\u4e4b\u516c\u53f8\u3002\u516c\u53f8\u5275\u7acb\u4ee5\u4f86\uff0c\u7d93\u71df\u7ba1\u7406\u5728\u7a69\u5b9a\u4e2d\u4e0d\u65b7\u6210\u9577\uff0c\u5728\u8463\u4e8b\u9577\u5b8b\u58eb\u5b8f\u5148\u751f\u3001\u7e3d\u7d93\u7406\u9673\u666f\u660c\u5148\u751f\u5e36\u9818\u4e0b\uff0c\u79c9\u6301\u8457\u8ffd\u6c42\u5ba2\u6236\u7684\u6eff\u610f\uff0c\u8ffd\u6c42\u8212\u9069\u7684\u751f\u6d3b\uff0c\u8ffd\u6c42\u9577\u4e45\u7684\u751f\u5b58\u7684\u7d93\u71df\u7406\u5ff5\uff0c\u4e26\u57f9\u8a13\u4e86\u7121\u6578\u7684\u978b\u696d\u4eba\u624d\uff0c\u5c0d\u978b\u696d\u754c\u6709\u8457\u4e0d\u53ef\u62b9\u6ec5\u4e4b\u8ca2\u737b\u3002","og_url":"https:\/\/leather-pro.com\/vi\/ve-chung-toi\/","og_site_name":"leather-pro.com","twitter_card":"summary_large_image","twitter_misc":{"Est. reading time":"5 minutes"},"schema":{"@context":"https:\/\/schema.org","@graph":[{"@type":"WebPage","@id":"https:\/\/leather-pro.com\/vi\/ve-chung-toi\/","url":"https:\/\/leather-pro.com\/vi\/ve-chung-toi\/","name":"Leather Pro\u76ae\u9769\u4fdd\u990a\u5c08\u5bb6\uff5c\u95dc\u65bc\u6211\u5011","isPartOf":{"@id":"https:\/\/leather-pro.com\/#website"},"datePublished":"2018-09-03T01:28:08+00:00","description":"\u300c\u5f18\u4fdd\u4f01\u696d\u516c\u53f8\u300d\uff0c\u8349\u5275\u65bc\u897f\u51431995\u5e74\uff0c\u5275\u7acb\u4e4b\u521d\u4ee5\u5f18\u4fdd\u8cbf\u6613\u6709\u9650\u516c\u53f8\u547d\u540d\uff0c\u5728\u53f0\u7063\u978b\u696d\u767c\u5c55\u4e2d\u70ba\u4e00\u6df1\u5177\u6b77\u53f2\u53ca\u4fe1\u8b7d\u5353\u8457\u4e4b\u516c\u53f8\u3002\u516c\u53f8\u5275\u7acb\u4ee5\u4f86\uff0c\u7d93\u71df\u7ba1\u7406\u5728\u7a69\u5b9a\u4e2d\u4e0d\u65b7\u6210\u9577\uff0c\u5728\u8463\u4e8b\u9577\u5b8b\u58eb\u5b8f\u5148\u751f\u3001\u7e3d\u7d93\u7406\u9673\u666f\u660c\u5148\u751f\u5e36\u9818\u4e0b\uff0c\u79c9\u6301\u8457\u8ffd\u6c42\u5ba2\u6236\u7684\u6eff\u610f\uff0c\u8ffd\u6c42\u8212\u9069\u7684\u751f\u6d3b\uff0c\u8ffd\u6c42\u9577\u4e45\u7684\u751f\u5b58\u7684\u7d93\u71df\u7406\u5ff5\uff0c\u4e26\u57f9\u8a13\u4e86\u7121\u6578\u7684\u978b\u696d\u4eba\u624d\uff0c\u5c0d\u978b\u696d\u754c\u6709\u8457\u4e0d\u53ef\u62b9\u6ec5\u4e4b\u8ca2\u737b\u3002","breadcrumb":{"@id":"https:\/\/leather-pro.com\/vi\/ve-chung-toi\/#breadcrumb"},"inLanguage":"vi-VN","potentialAction":[{"@type":"ReadAction","target":["https:\/\/leather-pro.com\/vi\/ve-chung-toi\/"]}]},{"@type":"BreadcrumbList","@id":"https:\/\/leather-pro.com\/vi\/ve-chung-toi\/#breadcrumb","itemListElement":[{"@type":"ListItem","position":1,"name":"Home","item":"https:\/\/leather-pro.com\/vi\/"},{"@type":"ListItem","position":2,"name":"About_Vietnam"}]},{"@type":"WebSite","@id":"https:\/\/leather-pro.com\/#website","url":"https:\/\/leather-pro.com\/","name":"leather-pro.com","description":"Leather Care and Repair Experts","potentialAction":[{"@type":"SearchAction","target":{"@type":"EntryPoint","urlTemplate":"https:\/\/leather-pro.com\/?s={search_term_string}"},"query-input":{"@type":"PropertyValueSpecification","valueRequired":true,"valueName":"search_term_string"}}],"inLanguage":"vi-VN"}]}},"_links":{"self":[{"href":"https:\/\/leather-pro.com\/vi\/wp-json\/wp\/v2\/pages\/1370","targetHints":{"allow":["GET"]}}],"collection":[{"href":"https:\/\/leather-pro.com\/vi\/wp-json\/wp\/v2\/pages"}],"about":[{"href":"https:\/\/leather-pro.com\/vi\/wp-json\/wp\/v2\/types\/page"}],"author":[{"embeddable":true,"href":"https:\/\/leather-pro.com\/vi\/wp-json\/wp\/v2\/users\/3"}],"replies":[{"embeddable":true,"href":"https:\/\/leather-pro.com\/vi\/wp-json\/wp\/v2\/comments?post=1370"}],"version-history":[{"count":0,"href":"https:\/\/leather-pro.com\/vi\/wp-json\/wp\/v2\/pages\/1370\/revisions"}],"wp:attachment":[{"href":"https:\/\/leather-pro.com\/vi\/wp-json\/wp\/v2\/media?parent=1370"}],"curies":[{"name":"wp","href":"https:\/\/api.w.org\/{rel}","templated":true}]}}